{"id":30568,"date":"2020-04-15T19:18:02","date_gmt":"2020-04-15T19:18:02","guid":{"rendered":"http:\/\/portaisars.azurewebsites.net\/lvt\/?page_id=30568"},"modified":"2020-09-14T09:10:10","modified_gmt":"2020-09-14T09:10:10","slug":"plano-regional-de-saude","status":"publish","type":"page","link":"http:\/\/portaisarsqua.azurewebsites.net\/lvt\/centro-de-documentacao\/plano-regional-de-saude\/","title":{"rendered":"Plano Regional de Sa\u00fade"},"content":{"rendered":"\n<div class=\"wp-block-cover has-background-dim-100 has-background-dim\" style=\"background-image:url(http:\/\/portaisars.azurewebsites.net\/lvt\/wp-content\/uploads\/sites\/5\/2018\/08\/Medico_Familia_2.jpg);background-color:#e6ffba\"><div class=\"wp-block-cover__inner-container\">\n<p style=\"color:#009999\" class=\"has-text-color has-large-font-size\">O Plano Regional de Sa\u00fade descreve o estado de sa\u00fade das pessoas e as condi\u00e7\u00f5es em que estas vivem, fornecendo evid\u00eancia e credibilidade quanto \u00e0 necessidade de elabora\u00e7\u00e3o e implementa\u00e7\u00e3o de Programas e Projetos que promovam a sa\u00fade n\u00e3o somente a n\u00edvel regional, mas tamb\u00e9m a n\u00edvel local  <\/p>\n<\/div><\/div>\n\n\n\n<div style=\"height:40px\" aria-hidden=\"true\" class=\"wp-block-spacer\"><\/div>\n\n\n\n<div class=\"wp-block-file .is-style-squared\"><a href=\"http:\/\/portaisars.azurewebsites.net\/lvt\/wp-content\/uploads\/sites\/5\/2020\/06\/PRSLVT_-_Plano_Regional_Saude_LVT_web.pdf\" class=\"wp-block-file__button\" download> Plano Regional de Sa\u00fade 2018-2020  \u276f<\/a><\/div>\n\n\n\n<div class=\"wp-block-file .is-style-squared\"><a href=\"http:\/\/portaisars.azurewebsites.net\/lvt\/wp-content\/uploads\/sites\/5\/2020\/06\/PRSLVT_-_Plano_Regional_Saude_LVT_web.pdf\" class=\"wp-block-file__button\" download> Plano Regional de Sa\u00fade  2013-2016  \u276f<\/a><\/div>\n\n\n\n<p class=\"has-small-font-size\">\n\nRevis\u00e3o de 9 de Junho\n\n<\/p>\n\n\n\n<div class=\"wp-block-file .is-style-squared\"><a href=\"http:\/\/portaisars.azurewebsites.net\/lvt\/wp-content\/uploads\/sites\/5\/2020\/09\/ARSLVT_-_PLANO_REGIONAL_DE_SA_DE_2013-2016__rev._09_junho__-_Anexos.pdf\" class=\"wp-block-file__button\" download>Plano Regional de Sa\u00fade  2013-2016 &#8211; Anexos \u276f<\/a><\/div>\n\n\n\n<p class=\"has-small-font-size\">\n\nRevis\u00e3o de 9 de Junho\n\n<\/p>\n\n\n\n<div style=\"height:100px\" aria-hidden=\"true\" class=\"wp-block-spacer\"><\/div>\n","protected":false},"excerpt":{"rendered":"<p>Revis\u00e3o de 9 de Junho Revis\u00e3o de 9 de Junho<\/p>\n","protected":false},"author":79,"featured_media":0,"parent":31188,"menu_order":2,"comment_status":"closed","ping_status":"closed","template":"","meta":[],"_links":{"self":[{"href":"http:\/\/portaisarsqua.azurewebsites.net\/lvt\/wp-json\/wp\/v2\/pages\/30568"}],"collection":[{"href":"http:\/\/portaisarsqua.azurewebsites.net\/lvt\/wp-json\/wp\/v2\/pages"}],"about":[{"href":"http:\/\/portaisarsqua.azurewebsites.net\/lvt\/wp-json\/wp\/v2\/types\/page"}],"author":[{"embeddable":true,"href":"http:\/\/portaisarsqua.azurewebsites.net\/lvt\/wp-json\/wp\/v2\/users\/79"}],"replies":[{"embeddable":true,"href":"http:\/\/portaisarsqua.azurewebsites.net\/lvt\/wp-json\/wp\/v2\/comments?post=30568"}],"version-history":[{"count":4,"href":"http:\/\/portaisarsqua.azurewebsites.net\/lvt\/wp-json\/wp\/v2\/pages\/30568\/revisions"}],"predecessor-version":[{"id":33171,"href":"http:\/\/portaisarsqua.azurewebsites.net\/lvt\/wp-json\/wp\/v2\/pages\/30568\/revisions\/33171"}],"up":[{"embeddable":true,"href":"http:\/\/portaisarsqua.azurewebsites.net\/lvt\/wp-json\/wp\/v2\/pages\/31188"}],"wp:attachment":[{"href":"http:\/\/portaisarsqua.azurewebsites.net\/lvt\/wp-json\/wp\/v2\/media?parent=30568"}],"curies":[{"name":"wp","href":"https:\/\/api.w.org\/{rel}","templated":true}]}}