{"id":30571,"date":"2020-04-15T19:23:20","date_gmt":"2020-04-15T19:23:20","guid":{"rendered":"http:\/\/portaisars.azurewebsites.net\/lvt\/?page_id=30571"},"modified":"2020-10-06T14:23:11","modified_gmt":"2020-10-06T14:23:11","slug":"relatorios","status":"publish","type":"page","link":"http:\/\/portaisarsqua.azurewebsites.net\/lvt\/centro-de-documentacao\/relatorios\/","title":{"rendered":"Relat\u00f3rios de Acompanhamento do Programa de Qualifica\u00e7\u00e3o das Unidades de Cirurgia de Ambulat\u00f3rio do SNS"},"content":{"rendered":"\n<p class=\"destaque\">Nos termos do n\u00ba 3 do Artigo 18\u00ba &#8211; \u201cAcompanhamento dos projectos\u201d do Despacho SEAS n.\u00ba 3673\/2009, 22 de Janeiro, que aprovou o Regulamento de Financiamento dos Investimentos na Qualifica\u00e7\u00e3o das Unidades de Cirurgia de Ambulat\u00f3rio do SNS, a ARSLVT, IP publicita os relat\u00f3rios de acompanhamento dos v\u00e1rios projectos financiados na Regi\u00e3o de Sa\u00fade de Lisboa e Vale do Tejo. <\/p>\n\n\n\n<div style=\"height:100px\" aria-hidden=\"true\" class=\"wp-block-spacer\"><\/div>\n\n\n\n<div class=\"wp-block-file .is-style-squared\"><a href=\"http:\/\/portaisars.azurewebsites.net\/lvt\/wp-content\/uploads\/sites\/5\/2020\/10\/RelatAcompanhamento_de_2011.pdf\">Relat\u00f3rio Acompanhamento 2011  \u276f  <\/a><\/div>\n\n\n\n<div class=\"wp-block-file .is-style-squared\"><a href=\"http:\/\/portaisars.azurewebsites.net\/lvt\/wp-content\/uploads\/sites\/5\/2020\/10\/Relat_rio_Acompanhamento_2010.pdf\">Relat\u00f3rio Acompanhamento 2010  \u276f <\/a><\/div>\n\n\n\n<div class=\"wp-block-file .is-style-squared\"><a href=\"http:\/\/portaisars.azurewebsites.net\/lvt\/wp-content\/uploads\/sites\/5\/2020\/10\/Relat_rio_Cirurgia_Ambulat_rio.pdf\">Relat\u00f3rio Acompanhamento 2009  \u276f <\/a><\/div>\n\n\n\n<div style=\"height:40px\" aria-hidden=\"true\" class=\"wp-block-spacer\"><\/div>\n","protected":false},"excerpt":{"rendered":"<p>Nos termos do n\u00ba 3 do Artigo 18\u00ba &#8211; \u201cAcompanhamento dos projectos\u201d do Despacho SEAS n.\u00ba 3673\/2009, 22 de Janeiro, que aprovou o Regulamento de Financiamento dos Investimentos na Qualifica\u00e7\u00e3o das Unidades de Cirurgia de Ambulat\u00f3rio do SNS, a ARSLVT, IP publicita os relat\u00f3rios de acompanhamento dos v\u00e1rios projectos financiados na Regi\u00e3o de Sa\u00fade de [&hellip;]<\/p>\n","protected":false},"author":79,"featured_media":0,"parent":31188,"menu_order":5,"comment_status":"closed","ping_status":"closed","template":"","meta":[],"_links":{"self":[{"href":"http:\/\/portaisarsqua.azurewebsites.net\/lvt\/wp-json\/wp\/v2\/pages\/30571"}],"collection":[{"href":"http:\/\/portaisarsqua.azurewebsites.net\/lvt\/wp-json\/wp\/v2\/pages"}],"about":[{"href":"http:\/\/portaisarsqua.azurewebsites.net\/lvt\/wp-json\/wp\/v2\/types\/page"}],"author":[{"embeddable":true,"href":"http:\/\/portaisarsqua.azurewebsites.net\/lvt\/wp-json\/wp\/v2\/users\/79"}],"replies":[{"embeddable":true,"href":"http:\/\/portaisarsqua.azurewebsites.net\/lvt\/wp-json\/wp\/v2\/comments?post=30571"}],"version-history":[{"count":5,"href":"http:\/\/portaisarsqua.azurewebsites.net\/lvt\/wp-json\/wp\/v2\/pages\/30571\/revisions"}],"predecessor-version":[{"id":33855,"href":"http:\/\/portaisarsqua.azurewebsites.net\/lvt\/wp-json\/wp\/v2\/pages\/30571\/revisions\/33855"}],"up":[{"embeddable":true,"href":"http:\/\/portaisarsqua.azurewebsites.net\/lvt\/wp-json\/wp\/v2\/pages\/31188"}],"wp:attachment":[{"href":"http:\/\/portaisarsqua.azurewebsites.net\/lvt\/wp-json\/wp\/v2\/media?parent=30571"}],"curies":[{"name":"wp","href":"https:\/\/api.w.org\/{rel}","templated":true}]}}