{"id":30670,"date":"2020-04-20T17:13:30","date_gmt":"2020-04-20T17:13:30","guid":{"rendered":"http:\/\/portaisars.azurewebsites.net\/lvt\/?page_id=30670"},"modified":"2020-10-01T16:01:10","modified_gmt":"2020-10-01T16:01:10","slug":"comissao-de-farmacia-e-terapeutica","status":"publish","type":"page","link":"http:\/\/portaisarsqua.azurewebsites.net\/lvt\/comissao-de-farmacia-e-terapeutica\/","title":{"rendered":"Comiss\u00e3o de Farm\u00e1cia e Terap\u00eautica"},"content":{"rendered":"\n<p class=\"destaque\">A Comiss\u00e3o de Farm\u00e1cia e Terap\u00eautica (CFT)\u00a0tem como preocupa\u00e7\u00e3o e objetivo global desenvolver um trabalho que incremente a acessibilidade e a utiliza\u00e7\u00e3o adequada e segura dos medicamentos em articula\u00e7\u00e3o e coopera\u00e7\u00e3o com os prescritores na \u00e1rea de abrang\u00eancia da ARSLVT.<\/p>\n\n\n\n<p>As CFT &#8211; ARS s\u00e3o constitu\u00eddas por 6 (seis) membros, m\u00e9dicos e farmac\u00eauticos, e integram um representante da Ordem dos M\u00e9dicos e um representante da Ordem dos Farmac\u00eauticos.<\/p>\n\n\n\n<p>O n\u00famero de elementos que comp\u00f5e as CFT \u2013 ARS s\u00e3o no m\u00ednimo de quatro e no m\u00e1ximo de seis membros, conforme proposto pela respetiva ARS, tendo em conta a dimens\u00e3o do universo de monitoriza\u00e7\u00e3o, sendo um dos membros eleito como presidente.<\/p>\n\n\n\n<p>As Comiss\u00f5es de Farm\u00e1cia e Terap\u00eautica t\u00eam o seu regime jur\u00eddico estabelecido na <a href=\"https:\/\/dre.pt\/application\/conteudo\/192423\" target=\"_blank\" rel=\"noreferrer noopener\" aria-label=\"Portaria n.\u00ba 340 de 25 de outubro de 2012 (opens in a new tab)\">Portaria n.\u00ba 340 de 25 de outubro de 2012<\/a>, DR 1.\u00aa s\u00e9rie \u2014 N.\u00ba 207. <\/p>\n\n\n\n<div style=\"height:40px\" aria-hidden=\"true\" class=\"wp-block-spacer\"><\/div>\n\n\n\n<div class=\"wp-block-file .is-style-squared\"><a>Consulte o Despacho de Nomea\u00e7\u00e3o \u276f<\/a><\/div>\n\n\n\n<p><a href=\"https:\/\/dre.pt\/pesquisa\/-\/search\/106667546\/details\/maximized\">Consulte a Portaria \u276f  <\/a><\/p>\n","protected":false},"excerpt":{"rendered":"<p>A Comiss\u00e3o de Farm\u00e1cia e Terap\u00eautica (CFT)\u00a0tem como preocupa\u00e7\u00e3o e objetivo global desenvolver um trabalho que incremente a acessibilidade e a utiliza\u00e7\u00e3o adequada e segura dos medicamentos em articula\u00e7\u00e3o e coopera\u00e7\u00e3o com os prescritores na \u00e1rea de abrang\u00eancia da ARSLVT. As CFT &#8211; ARS s\u00e3o constitu\u00eddas por 6 (seis) membros, m\u00e9dicos e farmac\u00eauticos, e integram [&hellip;]<\/p>\n","protected":false},"author":79,"featured_media":0,"parent":0,"menu_order":0,"comment_status":"closed","ping_status":"closed","template":"","meta":[],"_links":{"self":[{"href":"http:\/\/portaisarsqua.azurewebsites.net\/lvt\/wp-json\/wp\/v2\/pages\/30670"}],"collection":[{"href":"http:\/\/portaisarsqua.azurewebsites.net\/lvt\/wp-json\/wp\/v2\/pages"}],"about":[{"href":"http:\/\/portaisarsqua.azurewebsites.net\/lvt\/wp-json\/wp\/v2\/types\/page"}],"author":[{"embeddable":true,"href":"http:\/\/portaisarsqua.azurewebsites.net\/lvt\/wp-json\/wp\/v2\/users\/79"}],"replies":[{"embeddable":true,"href":"http:\/\/portaisarsqua.azurewebsites.net\/lvt\/wp-json\/wp\/v2\/comments?post=30670"}],"version-history":[{"count":21,"href":"http:\/\/portaisarsqua.azurewebsites.net\/lvt\/wp-json\/wp\/v2\/pages\/30670\/revisions"}],"predecessor-version":[{"id":33776,"href":"http:\/\/portaisarsqua.azurewebsites.net\/lvt\/wp-json\/wp\/v2\/pages\/30670\/revisions\/33776"}],"wp:attachment":[{"href":"http:\/\/portaisarsqua.azurewebsites.net\/lvt\/wp-json\/wp\/v2\/media?parent=30670"}],"curies":[{"name":"wp","href":"https:\/\/api.w.org\/{rel}","templated":true}]}}