{"id":31174,"date":"2020-06-09T14:40:58","date_gmt":"2020-06-09T14:40:58","guid":{"rendered":"http:\/\/portaisars.azurewebsites.net\/lvt\/?page_id=31174"},"modified":"2021-07-27T15:02:57","modified_gmt":"2021-07-27T15:02:57","slug":"gestao-e-administracao-geral","status":"publish","type":"page","link":"http:\/\/portaisarsqua.azurewebsites.net\/lvt\/gestao-e-administracao-geral\/","title":{"rendered":"Gest\u00e3o e Administra\u00e7\u00e3o Geral"},"content":{"rendered":"\n<p>1 \u2014 Ao Departamento de Gest\u00e3o e Administra\u00e7\u00e3o Geral,&nbsp;abreviadamente designado por DGAG, compete:&nbsp;<\/p>\n\n\n\n<p>a) Elaborar o or\u00e7amento de investimento da regi\u00e3o e&nbsp;acompanhar a sua execu\u00e7\u00e3o;<\/p>\n\n\n\n<p>b) Elaborar o or\u00e7amento de funcionamento da&nbsp;ARSLVT, I. P., e acompanhar e controlar a execu\u00e7\u00e3o or\u00e7amental;<\/p>\n\n\n\n<p>c) Promover a constitui\u00e7\u00e3o de fundos de maneio, bem&nbsp;como assegurar o controlo da sua gest\u00e3o;&nbsp;<\/p>\n\n\n\n<p>d) Assegurar a confer\u00eancia dos elementos relativos \u00e0&nbsp;fatura\u00e7\u00e3o de terceiros, nomeadamente das presta\u00e7\u00f5es indiretas,&nbsp;farm\u00e1cias, conven\u00e7\u00f5es e transportes;<\/p>\n\n\n\n<p>e) Arrecadar as receitas, efetuar o pagamento das despesas&nbsp;e controlar a tesouraria;<\/p>\n\n\n\n<p>f) Preparar os processos de atribui\u00e7\u00e3o de apoios financeiros;&nbsp;<\/p>\n\n\n\n<p>g) Acompanhar a execu\u00e7\u00e3o or\u00e7amental e a situa\u00e7\u00e3o&nbsp;econ\u00f3mico -financeira das unidades prestadoras de cuidados&nbsp;de sa\u00fade integradas no SNS, a n\u00edvel regional;<\/p>\n\n\n\n<p>h) Desenvolver todas as a\u00e7\u00f5es de gest\u00e3o econ\u00f3mico-financeira, efetuar estudos e elaborar os relat\u00f3rios&nbsp;econ\u00f3mico-financeiros que se mostrem necess\u00e1rios, que lhe&nbsp;forem solicitados ou determinados pelo conselho diretivo;<\/p>\n\n\n\n<p>i) Gerir os bens patrimoniais afetos \u00e0ARSLVT, I. P., organizar&nbsp;e manter atualizado o cadastro e invent\u00e1rio destes&nbsp;bens e providenciar pela sua manuten\u00e7\u00e3o e seguran\u00e7a;&nbsp;<\/p>\n\n\n\n<p>j) Organizar e gerir os arquivos documentais daARSLVT, I. P.;<\/p>\n\n\n\n<p>l) Assegurar a rece\u00e7\u00e3o, registo, distribui\u00e7\u00e3o e expedi\u00e7\u00e3o de toda a correspond\u00eancia, bem como o registo da informa\u00e7\u00e3o interna.<\/p>\n\n\n\n<p>2 \u2014 Compete ainda ao DGAG, no \u00e2mbito de interven\u00e7\u00e3o, proceder \u00e0 difus\u00e3o das normas e orienta\u00e7\u00f5es t\u00e9cnicas e de outros instrumentos de apoio t\u00e9cnico \u00e0 atividade dos estabelecimentos de sa\u00fade, apoiar a sua implementa\u00e7\u00e3o e monitorizar a sua execu\u00e7\u00e3o.<\/p>\n","protected":false},"excerpt":{"rendered":"<p>1 \u2014 Ao Departamento de Gest\u00e3o e Administra\u00e7\u00e3o Geral,&nbsp;abreviadamente designado por DGAG, compete:&nbsp; a) Elaborar o or\u00e7amento de investimento da regi\u00e3o e&nbsp;acompanhar a sua execu\u00e7\u00e3o; b) Elaborar o or\u00e7amento de funcionamento da&nbsp;ARSLVT, I. P., e acompanhar e controlar a execu\u00e7\u00e3o or\u00e7amental; c) Promover a constitui\u00e7\u00e3o de fundos de maneio, bem&nbsp;como assegurar o controlo da sua [&hellip;]<\/p>\n","protected":false},"author":79,"featured_media":0,"parent":0,"menu_order":3,"comment_status":"closed","ping_status":"closed","template":"","meta":[],"_links":{"self":[{"href":"http:\/\/portaisarsqua.azurewebsites.net\/lvt\/wp-json\/wp\/v2\/pages\/31174"}],"collection":[{"href":"http:\/\/portaisarsqua.azurewebsites.net\/lvt\/wp-json\/wp\/v2\/pages"}],"about":[{"href":"http:\/\/portaisarsqua.azurewebsites.net\/lvt\/wp-json\/wp\/v2\/types\/page"}],"author":[{"embeddable":true,"href":"http:\/\/portaisarsqua.azurewebsites.net\/lvt\/wp-json\/wp\/v2\/users\/79"}],"replies":[{"embeddable":true,"href":"http:\/\/portaisarsqua.azurewebsites.net\/lvt\/wp-json\/wp\/v2\/comments?post=31174"}],"version-history":[{"count":4,"href":"http:\/\/portaisarsqua.azurewebsites.net\/lvt\/wp-json\/wp\/v2\/pages\/31174\/revisions"}],"predecessor-version":[{"id":34472,"href":"http:\/\/portaisarsqua.azurewebsites.net\/lvt\/wp-json\/wp\/v2\/pages\/31174\/revisions\/34472"}],"wp:attachment":[{"href":"http:\/\/portaisarsqua.azurewebsites.net\/lvt\/wp-json\/wp\/v2\/media?parent=31174"}],"curies":[{"name":"wp","href":"https:\/\/api.w.org\/{rel}","templated":true}]}}