{"id":31176,"date":"2020-06-09T14:43:48","date_gmt":"2020-06-09T14:43:48","guid":{"rendered":"http:\/\/portaisars.azurewebsites.net\/lvt\/?page_id=31176"},"modified":"2020-10-13T16:20:33","modified_gmt":"2020-10-13T16:20:33","slug":"departamento-de-instalacoes-e-equipamentos","status":"publish","type":"page","link":"http:\/\/portaisarsqua.azurewebsites.net\/lvt\/departamento-de-instalacoes-e-equipamentos\/","title":{"rendered":"Departamento de Instala\u00e7\u00f5es e Equipamentos"},"content":{"rendered":"\n<p class=\"destaque\">O Departamento de Instala\u00e7\u00f5es e Equipamentos (DIE) tem como miss\u00e3o facilitar o bom funcionamento das instala\u00e7\u00f5es e equipamentos, com vista \u00e0 boa presta\u00e7\u00e3o de cuidados de sa\u00fade aos utentes do Servi\u00e7o Nacional de Sa\u00fade, na Regi\u00e3o de Lisboa e Vale do Tejo.<\/p>\n\n\n\n<p>1 \u2014 Ao Departamento de Instala\u00e7\u00f5es e Equipamentos,&nbsp;abreviadamente designado por DIE, compete:<\/p>\n\n\n\n<p>a) Promover a aplica\u00e7\u00e3o das normas, especifica\u00e7\u00f5es e&nbsp;requisitos t\u00e9cnicos aplic\u00e1veis a instala\u00e7\u00f5es e equipamentos&nbsp;de unidades de sa\u00fade integradas ou financiadas pelo SNS;&nbsp;<\/p>\n\n\n\n<p>b) Elaborar programas funcionais e projetos -tipo para estabelecimentos&nbsp;de sa\u00fade e adequ\u00e1 -los a situa\u00e7\u00f5es concretas;&nbsp;<\/p>\n\n\n\n<p>c) Assegurar a atualiza\u00e7\u00e3o de uma base de dados relativa&nbsp;\u00e0s instala\u00e7\u00f5es e equipamentos dos servi\u00e7os e institui\u00e7\u00f5es&nbsp;prestadores de cuidados de sa\u00fade da regi\u00e3o, monitorizando&nbsp;o respetivo estado de conserva\u00e7\u00e3o e, quando necess\u00e1rio,&nbsp;apresentar propostas para a sua repara\u00e7\u00e3o;<\/p>\n\n\n\n<p>d) Emitir parecer sobre a aquisi\u00e7\u00e3o e a expropria\u00e7\u00e3o de&nbsp;terrenos e edif\u00edcios para a instala\u00e7\u00e3o de servi\u00e7os de sa\u00fade,&nbsp;bem como sobre projetos das institui\u00e7\u00f5es prestadoras de&nbsp;cuidados de sa\u00fade no \u00e2mbito da regi\u00e3o;<\/p>\n\n\n\n<p>e) Proceder \u00e0 elabora\u00e7\u00e3o de cadernos de encargos para&nbsp;a adjudica\u00e7\u00e3o de empreitadas e fornecimento de bens e&nbsp;servi\u00e7os, no \u00e2mbito das instala\u00e7\u00f5es e equipamentos;<\/p>\n\n\n\n<p>f) Acompanhar e fiscalizar a execu\u00e7\u00e3o de empreitadas&nbsp;e fornecimentos cuja responsabilidade lhe seja atribu\u00edda;<\/p>\n\n\n\n<p>g) Assegurar a instru\u00e7\u00e3o dos processos de licenciamento&nbsp;das unidades privadas prestadoras de cuidados de sa\u00fade e da \u00e1rea dos comportamentos aditivos e das depend\u00eancias, nos sectores social e privado, definindo os respetivos requisitos t\u00e9cnicos a cumprir, e acompanhar o seu funcionamento, articulando com outros departamentos, designadamente o DSP, bem como com a Administra\u00e7\u00e3o Central do Sistema de Sa\u00fade, I. P., sem preju\u00edzo da compet\u00eancia sancionat\u00f3ria da Entidade Reguladora da Sa\u00fade;<\/p>\n\n\n\n<p>h) Propor a emiss\u00e3o das licen\u00e7as de funcionamento das unidades mencionadas na al\u00ednea anterior;<\/p>\n\n\n\n<p>i) Elaborar e acompanhar a carta de instala\u00e7\u00f5es e equipamentos de sa\u00fade da ARLVT, I. P.;<\/p>\n\n\n\n<p>j) Assegurar a implementa\u00e7\u00e3o dos sistemas de informa\u00e7\u00e3o e comunica\u00e7\u00f5es de utiliza\u00e7\u00e3o comum;<\/p>\n\n\n\n<p>k) Gerir e assegurar a manuten\u00e7\u00e3o de sistemas e das infraestruturas tecnol\u00f3gicas, em articula\u00e7\u00e3o com as entidades competentes;<\/p>\n\n\n\n<p>l) Assegurar o apoio t\u00e9cnico aos utilizadores no \u00e2mbito dos sistemas e infraestruturas tecnol\u00f3gicas.<\/p>\n\n\n\n<p>2 \u2014 Compete ainda ao DIE, no \u00e2mbito de interven\u00e7\u00e3o, proceder \u00e0 difus\u00e3o das normas e orienta\u00e7\u00f5es t\u00e9cnicas e de outros instrumentos de apoio t\u00e9cnico \u00e0 atividade dos estabelecimentos de sa\u00fade, apoiar a sua implementa\u00e7\u00e3o e monitorizar a sua execu\u00e7\u00e3o.<\/p>\n","protected":false},"excerpt":{"rendered":"<p>O Departamento de Instala\u00e7\u00f5es e Equipamentos (DIE) tem como miss\u00e3o facilitar o bom funcionamento das instala\u00e7\u00f5es e equipamentos, com vista \u00e0 boa presta\u00e7\u00e3o de cuidados de sa\u00fade aos utentes do Servi\u00e7o Nacional de Sa\u00fade, na Regi\u00e3o de Lisboa e Vale do Tejo. 1 \u2014 Ao Departamento de Instala\u00e7\u00f5es e Equipamentos,&nbsp;abreviadamente designado por DIE, compete: a) [&hellip;]<\/p>\n","protected":false},"author":79,"featured_media":0,"parent":0,"menu_order":5,"comment_status":"closed","ping_status":"closed","template":"","meta":[],"_links":{"self":[{"href":"http:\/\/portaisarsqua.azurewebsites.net\/lvt\/wp-json\/wp\/v2\/pages\/31176"}],"collection":[{"href":"http:\/\/portaisarsqua.azurewebsites.net\/lvt\/wp-json\/wp\/v2\/pages"}],"about":[{"href":"http:\/\/portaisarsqua.azurewebsites.net\/lvt\/wp-json\/wp\/v2\/types\/page"}],"author":[{"embeddable":true,"href":"http:\/\/portaisarsqua.azurewebsites.net\/lvt\/wp-json\/wp\/v2\/users\/79"}],"replies":[{"embeddable":true,"href":"http:\/\/portaisarsqua.azurewebsites.net\/lvt\/wp-json\/wp\/v2\/comments?post=31176"}],"version-history":[{"count":3,"href":"http:\/\/portaisarsqua.azurewebsites.net\/lvt\/wp-json\/wp\/v2\/pages\/31176\/revisions"}],"predecessor-version":[{"id":34022,"href":"http:\/\/portaisarsqua.azurewebsites.net\/lvt\/wp-json\/wp\/v2\/pages\/31176\/revisions\/34022"}],"wp:attachment":[{"href":"http:\/\/portaisarsqua.azurewebsites.net\/lvt\/wp-json\/wp\/v2\/media?parent=31176"}],"curies":[{"name":"wp","href":"https:\/\/api.w.org\/{rel}","templated":true}]}}