{"id":31185,"date":"2020-06-09T15:01:20","date_gmt":"2020-06-09T15:01:20","guid":{"rendered":"http:\/\/portaisars.azurewebsites.net\/lvt\/?page_id=31185"},"modified":"2020-10-13T16:34:30","modified_gmt":"2020-10-13T16:34:30","slug":"gabinete-juridico-e-do-cidadao","status":"publish","type":"page","link":"http:\/\/portaisarsqua.azurewebsites.net\/lvt\/gabinete-juridico-e-do-cidadao\/","title":{"rendered":"Gabinete Jur\u00eddico e do Cidad\u00e3o"},"content":{"rendered":"\n<p>Ao Gabinete Jur\u00eddico e do Cidad\u00e3o, abreviadamente&nbsp;designado por GJC, compete:<\/p>\n\n\n\n<p>a) Emitir pareceres e prestar informa\u00e7\u00f5es sobre as quest\u00f5es&nbsp;de natureza jur\u00eddica, suscitadas no \u00e2mbito da atividade&nbsp;da ARSLVT, I. P., bem como acompanhar a instru\u00e7\u00e3o dos&nbsp;respetivos procedimentos administrativos, prestando assessoria t\u00e9cnico-jur\u00eddica direta aos membros do conselho diretivo da ARSLVT, IP e participando, atrav\u00e9s dos seus colaboradores, em grupos de trabalho, internos e externos, sobre mat\u00e9rias especificas para que seja mandatado;<\/p>\n\n\n\n<p>b) Precedendo&nbsp;os necess\u00e1rios estudos jur\u00eddicos,&nbsp;participar na an\u00e1lise e elabora\u00e7\u00e3o&nbsp;dos&nbsp;projetos de diploma&nbsp;relativos \u00e0s&nbsp;atividades&nbsp;da ARSLVT, I. P., e elaborar ou prop\u00f4r superiormente as minutas de delibera\u00e7\u00f5es, despachos,&nbsp;contratos, protocolos, regulamentos,&nbsp;circulares ou quaisquer&nbsp;outros documentos de natureza normativa&nbsp;que lhe sejam solicitados pelo conselho diretivo,&nbsp;veiculando a respectiva aprova\u00e7\u00e3o;<\/p>\n\n\n\n<p>c) Emitir parecer sobre reclama\u00e7\u00f5es ou recursos administrativos&nbsp;dirigidos aos \u00f3rg\u00e3os da ARSLVT, I. P.,&nbsp;bem como sobre exposi\u00e7\u00f5es ou peti\u00e7\u00f5es respeitantes a atos&nbsp;ou procedimentos dos mesmos \u00f3rg\u00e3os;<\/p>\n\n\n\n<p>d) Assegurar a instru\u00e7\u00e3o dos processos&nbsp;de inqu\u00e9rito ou disciplinares do \u00e2mbito de compet\u00eancia dos servi\u00e7os centrais da ARSLVT, I.P. e coordenar a plataforma de&nbsp;<em>Gest\u00e3o de Processos Disciplinares da ARSLVT, I.P.<\/em><\/p>\n\n\n\n<p>e) Assegurar, por si ou em articula\u00e7\u00e3o com mandat\u00e1rio&nbsp;judicial,&nbsp;quando a sua constitui\u00e7\u00e3o seja obrigat\u00f3ria, o patroc\u00ednio&nbsp;judicial nas a\u00e7\u00f5es e recursos&nbsp;propostos&nbsp;pela ARSLVT, I. P. ou&nbsp;em que esta seja demandada, bem como a representa\u00e7\u00e3o da ARSLVT, I.P. ou dos membros do seu conselho na celebra\u00e7\u00e3o das diversas escrituras notariais e em todos os actos de registo;<\/p>\n\n\n\n<p>f) Assegurar o apoio \u00e0 instru\u00e7\u00e3o dos processos de contra-ordena\u00e7\u00e3o e demais procedimentos administrativos especiais;<\/p>\n\n\n\n<p>g) Prestar apoio t\u00e9cnico-jur\u00eddico \u00e0s diferentes unidades org\u00e2nicas dos servi\u00e7os centrais e dos ACES da ARSLVT, I. P.;<\/p>\n\n\n\n<p>h) Assegurar&nbsp;a gest\u00e3o das reclama\u00e7\u00f5es ou&nbsp;sugest\u00f5es apresentadas&nbsp;pelos utentes do SNS, diretamente dirigidas ou&nbsp;encaminhadas para a ARSLVT, I. P.;<\/p>\n\n\n\n<p>i) Assegurar o&nbsp;acompanhamento e monitoriza\u00e7\u00e3o das exposi\u00e7\u00f5es e reclama\u00e7\u00f5es dos utentes do SNS no \u00e2mbito da ARSLVT, I. P., com a respectiva remessa \u00e0 Entidade Reguladora da Sa\u00fade,&nbsp;difundindo o cumprimento das orienta\u00e7\u00f5es emanadas pela ERS e, quando necess\u00e1rio\/aplic\u00e1vel, apresentar as competentes propostas corretivas;<\/p>\n\n\n\n<p>j) Promover a formula\u00e7\u00e3o&nbsp;de indicadores que permitam avaliar a qualidade&nbsp;dos servi\u00e7os prestados ao cidad\u00e3o pelos servi\u00e7os de&nbsp;sa\u00fade, designadamente o grau de satisfa\u00e7\u00e3o e a participa\u00e7\u00e3o&nbsp;dos cidad\u00e3os;<\/p>\n\n\n\n<p>l) Promover, em articula\u00e7\u00e3o com as unidades org\u00e2nicas competentes, reuni\u00f5es e&nbsp;a\u00e7\u00f5es de forma\u00e7\u00e3o&nbsp;destinadas a respons\u00e1veis e profissionais dos gabinetes&nbsp;do cidad\u00e3o\/utente&nbsp;dos servi\u00e7os das unidades de&nbsp;sa\u00fade do SNS da \u00e1rea de influ\u00eancia da ARSLVT, I. P.<\/p>\n\n\n\n<p>Compete, em especial, ao GJC, no \u00e2mbito da ARSLVT, I.P.<\/p>\n\n\n\n<p>a) preparar as respostas aos&nbsp;pedidos de informa\u00e7\u00e3o das entidades judiciais e de policia criminal;<\/p>\n\n\n\n<p>b)&nbsp;emitir parecer nos&nbsp;procedimentos relativos \u00e0 protec\u00e7\u00e3o de dados pessoais do \u00e2mbito&nbsp;de compet\u00eancia da ARSLVT,&nbsp;I.P.;<\/p>\n\n\n\n<p>c)&nbsp;coordenar e validar&nbsp;as respostas preparadas pelas diferentes unidades org\u00e2nicas da ARSLVT, I.P. \u00e0s&nbsp;entidades externas de auditoria, inspec\u00e7\u00e3o e fiscaliza\u00e7\u00e3o, assegurando o&nbsp;arquivo dessas respostas;<\/p>\n\n\n\n<p>d)&nbsp;prestar a devida assessoria jur\u00eddica aos dirigentes e profissionais de sa\u00fade em servi\u00e7o na ARSLVT, I.P. nas quest\u00f5es relacionadas com a viol\u00eancia contra profissionais, quando previamente solicitada ao conselho diretivo da ARSLVT,I.P..<\/p>\n","protected":false},"excerpt":{"rendered":"<p>Ao Gabinete Jur\u00eddico e do Cidad\u00e3o, abreviadamente&nbsp;designado por GJC, compete: a) Emitir pareceres e prestar informa\u00e7\u00f5es sobre as quest\u00f5es&nbsp;de natureza jur\u00eddica, suscitadas no \u00e2mbito da atividade&nbsp;da ARSLVT, I. P., bem como acompanhar a instru\u00e7\u00e3o dos&nbsp;respetivos procedimentos administrativos, prestando assessoria t\u00e9cnico-jur\u00eddica direta aos membros do conselho diretivo da ARSLVT, IP e participando, atrav\u00e9s dos seus colaboradores, [&hellip;]<\/p>\n","protected":false},"author":79,"featured_media":0,"parent":0,"menu_order":6,"comment_status":"closed","ping_status":"closed","template":"","meta":[],"_links":{"self":[{"href":"http:\/\/portaisarsqua.azurewebsites.net\/lvt\/wp-json\/wp\/v2\/pages\/31185"}],"collection":[{"href":"http:\/\/portaisarsqua.azurewebsites.net\/lvt\/wp-json\/wp\/v2\/pages"}],"about":[{"href":"http:\/\/portaisarsqua.azurewebsites.net\/lvt\/wp-json\/wp\/v2\/types\/page"}],"author":[{"embeddable":true,"href":"http:\/\/portaisarsqua.azurewebsites.net\/lvt\/wp-json\/wp\/v2\/users\/79"}],"replies":[{"embeddable":true,"href":"http:\/\/portaisarsqua.azurewebsites.net\/lvt\/wp-json\/wp\/v2\/comments?post=31185"}],"version-history":[{"count":2,"href":"http:\/\/portaisarsqua.azurewebsites.net\/lvt\/wp-json\/wp\/v2\/pages\/31185\/revisions"}],"predecessor-version":[{"id":33638,"href":"http:\/\/portaisarsqua.azurewebsites.net\/lvt\/wp-json\/wp\/v2\/pages\/31185\/revisions\/33638"}],"wp:attachment":[{"href":"http:\/\/portaisarsqua.azurewebsites.net\/lvt\/wp-json\/wp\/v2\/media?parent=31185"}],"curies":[{"name":"wp","href":"https:\/\/api.w.org\/{rel}","templated":true}]}}