{"id":31568,"date":"2020-07-22T15:16:43","date_gmt":"2020-07-22T15:16:43","guid":{"rendered":"http:\/\/portaisars.azurewebsites.net\/lvt\/?page_id=31568"},"modified":"2021-07-20T15:45:53","modified_gmt":"2021-07-20T15:45:53","slug":"observatorio-regional-de-saude","status":"publish","type":"page","link":"http:\/\/portaisarsqua.azurewebsites.net\/lvt\/saude-publica\/observatorio-regional-de-saude\/","title":{"rendered":"Observat\u00f3rio Regional de Sa\u00fade"},"content":{"rendered":"\n<p>A Regi\u00e3o de Sa\u00fade de Lisboa e Vale do Tejo tem agora \u00e0 sua disposi\u00e7\u00e3o este Observat\u00f3rio Regional de Sa\u00fade, o qual fornece o acesso a diversas bases de dados sobre assuntos priorit\u00e1rios em Sa\u00fade.<\/p>\n\n\n\n<p>O&nbsp;<strong>Observat\u00f3rio Regional de Sa\u00fade de Lisboa e Vale do Tejo<\/strong>&nbsp;tem como objetivos:<\/p>\n\n\n\n<ul><li>Refor\u00e7ar a cadeia de informa\u00e7\u00e3o, atrav\u00e9s da integra\u00e7\u00e3o do conhecimento existente sobre os fatores de risco e os seus efeitos na sa\u00fade, de forma a permitir uma melhor compreens\u00e3o desta problem\u00e1tica;<\/li><li>Colmatar lacunas ao n\u00edvel do conhecimento, atrav\u00e9s do refor\u00e7o da investiga\u00e7\u00e3o e identifica\u00e7\u00e3o das quest\u00f5es emergentes;<\/li><li>Promover uma adequa\u00e7\u00e3o das pol\u00edticas e das estrat\u00e9gias, atrav\u00e9s de implementa\u00e7\u00e3o de um planeamento estrat\u00e9gico consent\u00e2neo com uma atualiza\u00e7\u00e3o permanente das realidades em sa\u00fade;<\/li><li>Melhorar a comunica\u00e7\u00e3o, atrav\u00e9s da sensibiliza\u00e7\u00e3o, forma\u00e7\u00e3o e educa\u00e7\u00e3o dos profissionais e da popula\u00e7\u00e3o em geral, com vista a uma mais adequada comunica\u00e7\u00e3o do risco.<\/li><\/ul>\n\n\n\n<p>Somente atrav\u00e9s da disponibiliza\u00e7\u00e3o destes dados e do seu tratamento \u00e9 poss\u00edvel elaborar Planos de Sa\u00fade, incluindo Programas e Projetos de Interven\u00e7\u00e3o, suscet\u00edveis de reduzirem a carga de doen\u00e7a na popula\u00e7\u00e3o da Regi\u00e3o.<\/p>\n\n\n\n<p>A Sa\u00fade \u00e9 um capital adquirido \u00e0 nascen\u00e7a, sendo um direito e um dever a necessidade de criar mecanismos para a sua rentabiliza\u00e7\u00e3o, os quais devem minimizar os fatores de risco que possam conduzir \u00e0 redu\u00e7\u00e3o desse capital. Sabe-se tamb\u00e9m que a sa\u00fade, quer a n\u00edvel individual, quer comunit\u00e1rio, reflete muitas das medidas adotadas noutros sectores, sendo uma vari\u00e1vel dependente do sistema social, econ\u00f3mico e ambiental.<\/p>\n\n\n\n<p>Ao estabelecer um quadro de causalidade entre a exposi\u00e7\u00e3o a determinados fatores de risco e os seus efeitos adversos na sa\u00fade humana e ao identificar a incid\u00eancia e a preval\u00eancia de patologias na popula\u00e7\u00e3o da Regi\u00e3o e em certos grupos populacionais espec\u00edficos, o Observat\u00f3rio Regional de Sa\u00fade permite fornecer a plataforma com base na qual \u00e9 poss\u00edvel implementar medidas corretivas e planear respostas de antecipa\u00e7\u00e3o aos desafios emergentes, estabelecendo pol\u00edticas e linhas de atua\u00e7\u00e3o que maximizem predominantemente a a\u00e7\u00e3o preventiva, sem descurar a import\u00e2ncia da a\u00e7\u00e3o curativa, atuando t\u00e3o mais a montante das situa\u00e7\u00f5es quanto poss\u00edvel.<\/p>\n\n\n\n<p>Em \u00faltima an\u00e1lise, o Observat\u00f3rio Regional de Sa\u00fade tem como des\u00edgnio melhorar a efic\u00e1cia das pol\u00edticas de preven\u00e7\u00e3o, assim como o controlo e a redu\u00e7\u00e3o de riscos para a sa\u00fade, promovendo a integra\u00e7\u00e3o do conhecimento e a inova\u00e7\u00e3o e contribuindo para o desenvolvimento econ\u00f3mico e social do pa\u00eds.<\/p>\n\n\n\n<div style=\"height:40px\" aria-hidden=\"true\" class=\"wp-block-spacer\"><\/div>\n\n\n\n<p><\/p>\n\n\n\n<h2 class=\"titulo\">Perfis de Sa\u00fade <\/h2>\n\n\n\n<h4>Perfil Regional de Sa\u00fade 2017 <\/h4>\n\n\n\n<div class=\"wp-block-file .is-style-squared\"><a href=\"http:\/\/portaisars.azurewebsites.net\/lvt\/wp-content\/uploads\/sites\/5\/2020\/10\/PeRS_LVT_2017_v2.pdf\">Perfil Regional Sa\u00fade LVT  \u276f <\/a><\/div>\n\n\n\n<div style=\"height:40px\" aria-hidden=\"true\" class=\"wp-block-spacer\"><\/div>\n\n\n\n<h4>Perfis Locais de Sa\u00fade 2017  <\/h4>\n\n\n\n<div class=\"wp-block-file .is-style-squared\"><a href=\"http:\/\/portaisars.azurewebsites.net\/lvt\/wp-content\/uploads\/sites\/5\/2020\/10\/PeLS2017_Almada_Seixal.pdf\"> ACES Almada-Seixal  \u276f <\/a><\/div>\n\n\n\n<div class=\"wp-block-file .is-style-squared\"><a href=\"http:\/\/portaisars.azurewebsites.net\/lvt\/wp-content\/uploads\/sites\/5\/2020\/10\/PeLS2017_Amadora.pdf\">ACES Amadora  \u276f <\/a><\/div>\n\n\n\n<div class=\"wp-block-file .is-style-squared\"><a href=\"http:\/\/portaisars.azurewebsites.net\/lvt\/wp-content\/uploads\/sites\/5\/2020\/10\/PeLS2017_Arco_Ribeirinho.pdf\">ACES Arco Ribeirinho  \u276f <\/a><\/div>\n\n\n\n<div class=\"wp-block-file .is-style-squared\"><a href=\"http:\/\/portaisars.azurewebsites.net\/lvt\/wp-content\/uploads\/sites\/5\/2020\/10\/PeLS2017_Arr_bida.pdf\">ACES Arr\u00e1bida  \u276f <\/a><\/div>\n\n\n\n<div class=\"wp-block-file .is-style-squared\"><a href=\"http:\/\/portaisars.azurewebsites.net\/lvt\/wp-content\/uploads\/sites\/5\/2020\/10\/PeLS2017_Cascais.pdf\">ACES Cascais  \u276f  <\/a><\/div>\n\n\n\n<div class=\"wp-block-file .is-style-squared\"><a href=\"http:\/\/portaisars.azurewebsites.net\/lvt\/wp-content\/uploads\/sites\/5\/2020\/10\/PeLS2017_Estu_rio_do_Tejo.pdf\">ACES Estu\u00e1rio do Tejo  \u276f <\/a><\/div>\n\n\n\n<div class=\"wp-block-file .is-style-squared\"><a href=\"http:\/\/portaisars.azurewebsites.net\/lvt\/wp-content\/uploads\/sites\/5\/2020\/10\/PeLS2017_Lez_ria.pdf\">ACES Lez\u00edria  \u276f <\/a><\/div>\n\n\n\n<div class=\"wp-block-file .is-style-squared\"><a href=\"http:\/\/portaisars.azurewebsites.net\/lvt\/wp-content\/uploads\/sites\/5\/2020\/10\/PeLS2017_Lisboa_Central_e_Lisboa_Norte.pdf\">ACES Lisboa Norte e ACES Lisboa Central  \u276f <\/a><\/div>\n\n\n\n<div class=\"wp-block-file .is-style-squared\"><a href=\"http:\/\/portaisars.azurewebsites.net\/lvt\/wp-content\/uploads\/sites\/5\/2020\/10\/PeLS2017_Lisboa_Oriental_e_Oeiras.pdf\">ACES Lisboa Oriental e Oeiras  \u276f <\/a><\/div>\n\n\n\n<div class=\"wp-block-file .is-style-squared\"><a href=\"http:\/\/portaisars.azurewebsites.net\/lvt\/wp-content\/uploads\/sites\/5\/2020\/10\/PeLS2017_Loures_Odivelas.pdf\">ACES Loures-Odivelas  \u276f <\/a><\/div>\n\n\n\n<div class=\"wp-block-file .is-style-squared\"><a href=\"http:\/\/portaisars.azurewebsites.net\/lvt\/wp-content\/uploads\/sites\/5\/2020\/10\/PeLS2017_M_dio_Tejo.pdf\">ACES M\u00e9dio Tejo  \u276f <\/a><\/div>\n\n\n\n<div class=\"wp-block-file .is-style-squared\"><a href=\"http:\/\/portaisars.azurewebsites.net\/lvt\/wp-content\/uploads\/sites\/5\/2020\/10\/PeLS2017_Oeste_Norte.pdf\">ACES Oeste Norte  \u276f <\/a><\/div>\n\n\n\n<div class=\"wp-block-file .is-style-squared\"><a href=\"http:\/\/portaisars.azurewebsites.net\/lvt\/wp-content\/uploads\/sites\/5\/2020\/10\/PeLS2017_Oeste_Sul.pdf\">ACES Oeste Sul  \u276f <\/a><\/div>\n\n\n\n<div class=\"wp-block-file .is-style-squared\"><a href=\"http:\/\/portaisars.azurewebsites.net\/lvt\/wp-content\/uploads\/sites\/5\/2020\/10\/PeLS2017_Sintra.pdf\">ACES Sintra  \u276f <\/a><\/div>\n\n\n\n<div style=\"height:40px\" aria-hidden=\"true\" class=\"wp-block-spacer\"><\/div>\n\n\n\n<h4><strong>Perfil de Sa\u00fade e Seus Determinantes 2015<\/strong> <\/h4>\n\n\n\n<div class=\"wp-block-file .is-style-squared\"><a href=\"http:\/\/portaisars.azurewebsites.net\/lvt\/wp-content\/uploads\/sites\/5\/2020\/10\/Volume_1.pdf\">Volume 1  \u276f  <\/a><\/div>\n\n\n\n<div class=\"wp-block-file .is-style-squared\"><a href=\"http:\/\/portaisars.azurewebsites.net\/lvt\/wp-content\/uploads\/sites\/5\/2020\/10\/Volume_2.pdf\">Volume 2  \u276f  <\/a><\/div>\n\n\n\n<div style=\"height:40px\" aria-hidden=\"true\" class=\"wp-block-spacer\"><\/div>\n\n\n\n<h4><a href=\"http:\/\/portaisars.azurewebsites.net\/lvt\/wp-content\/uploads\/sites\/5\/2020\/10\/ARS_Perfil_Ambiental_leve.pdf\">O Perfil Ambiental da Regi\u00e3o de Lisboa e Vale do Tejo \u276f  <\/a><\/h4>\n\n\n\n<p><\/p>\n","protected":false},"excerpt":{"rendered":"<p>A Regi\u00e3o de Sa\u00fade de Lisboa e Vale do Tejo tem agora \u00e0 sua disposi\u00e7\u00e3o este Observat\u00f3rio Regional de Sa\u00fade, o qual fornece o acesso a diversas bases de dados sobre assuntos priorit\u00e1rios em Sa\u00fade. O&nbsp;Observat\u00f3rio Regional de Sa\u00fade de Lisboa e Vale do Tejo&nbsp;tem como objetivos: Refor\u00e7ar a cadeia de informa\u00e7\u00e3o, atrav\u00e9s da integra\u00e7\u00e3o [&hellip;]<\/p>\n","protected":false},"author":79,"featured_media":0,"parent":31587,"menu_order":2,"comment_status":"closed","ping_status":"closed","template":"","meta":[],"_links":{"self":[{"href":"http:\/\/portaisarsqua.azurewebsites.net\/lvt\/wp-json\/wp\/v2\/pages\/31568"}],"collection":[{"href":"http:\/\/portaisarsqua.azurewebsites.net\/lvt\/wp-json\/wp\/v2\/pages"}],"about":[{"href":"http:\/\/portaisarsqua.azurewebsites.net\/lvt\/wp-json\/wp\/v2\/types\/page"}],"author":[{"embeddable":true,"href":"http:\/\/portaisarsqua.azurewebsites.net\/lvt\/wp-json\/wp\/v2\/users\/79"}],"replies":[{"embeddable":true,"href":"http:\/\/portaisarsqua.azurewebsites.net\/lvt\/wp-json\/wp\/v2\/comments?post=31568"}],"version-history":[{"count":8,"href":"http:\/\/portaisarsqua.azurewebsites.net\/lvt\/wp-json\/wp\/v2\/pages\/31568\/revisions"}],"predecessor-version":[{"id":34385,"href":"http:\/\/portaisarsqua.azurewebsites.net\/lvt\/wp-json\/wp\/v2\/pages\/31568\/revisions\/34385"}],"up":[{"embeddable":true,"href":"http:\/\/portaisarsqua.azurewebsites.net\/lvt\/wp-json\/wp\/v2\/pages\/31587"}],"wp:attachment":[{"href":"http:\/\/portaisarsqua.azurewebsites.net\/lvt\/wp-json\/wp\/v2\/media?parent=31568"}],"curies":[{"name":"wp","href":"https:\/\/api.w.org\/{rel}","templated":true}]}}