{"id":33872,"date":"2020-10-06T14:53:42","date_gmt":"2020-10-06T14:53:42","guid":{"rendered":"http:\/\/portaisars.azurewebsites.net\/lvt\/?page_id=33872"},"modified":"2020-10-06T14:53:44","modified_gmt":"2020-10-06T14:53:44","slug":"relatorios-sintese-da-atividade-cirurgica-programada","status":"publish","type":"page","link":"http:\/\/portaisarsqua.azurewebsites.net\/lvt\/centro-de-documentacao\/relatorios-sintese-da-atividade-cirurgica-programada\/","title":{"rendered":"Relat\u00f3rios S\u00edntese da Atividade Cir\u00fargica Programada"},"content":{"rendered":"\n<p class=\"destaque\">Fonte dos dados:\u00a0<a rel=\"noreferrer noopener\" href=\"http:\/\/www.acss.min-saude.pt\/\" target=\"_blank\">ACSS<\/a> <\/p>\n\n\n\n<div class=\"wp-block-file .is-style-squared\"><a href=\"http:\/\/portaisars.azurewebsites.net\/lvt\/wp-content\/uploads\/sites\/5\/2020\/10\/RelSint_Ativ_Cir_2013.pdf\">Relat\u00f3rio 2013 \u276f  <\/a><\/div>\n\n\n\n<div class=\"wp-block-file .is-style-squared\"><a href=\"http:\/\/portaisars.azurewebsites.net\/lvt\/wp-content\/uploads\/sites\/5\/2020\/10\/RelatorioSinteseAtividadeCirurgica2005_2012.pdf\">Relat\u00f3rio 2005 &#8211; 2012 \u276f  <\/a><\/div>\n\n\n\n<div style=\"height:40px\" aria-hidden=\"true\" class=\"wp-block-spacer\"><\/div>\n","protected":false},"excerpt":{"rendered":"<p>Fonte dos dados:\u00a0ACSS<\/p>\n","protected":false},"author":79,"featured_media":0,"parent":31188,"menu_order":7,"comment_status":"closed","ping_status":"closed","template":"","meta":[],"_links":{"self":[{"href":"http:\/\/portaisarsqua.azurewebsites.net\/lvt\/wp-json\/wp\/v2\/pages\/33872"}],"collection":[{"href":"http:\/\/portaisarsqua.azurewebsites.net\/lvt\/wp-json\/wp\/v2\/pages"}],"about":[{"href":"http:\/\/portaisarsqua.azurewebsites.net\/lvt\/wp-json\/wp\/v2\/types\/page"}],"author":[{"embeddable":true,"href":"http:\/\/portaisarsqua.azurewebsites.net\/lvt\/wp-json\/wp\/v2\/users\/79"}],"replies":[{"embeddable":true,"href":"http:\/\/portaisarsqua.azurewebsites.net\/lvt\/wp-json\/wp\/v2\/comments?post=33872"}],"version-history":[{"count":1,"href":"http:\/\/portaisarsqua.azurewebsites.net\/lvt\/wp-json\/wp\/v2\/pages\/33872\/revisions"}],"predecessor-version":[{"id":33875,"href":"http:\/\/portaisarsqua.azurewebsites.net\/lvt\/wp-json\/wp\/v2\/pages\/33872\/revisions\/33875"}],"up":[{"embeddable":true,"href":"http:\/\/portaisarsqua.azurewebsites.net\/lvt\/wp-json\/wp\/v2\/pages\/31188"}],"wp:attachment":[{"href":"http:\/\/portaisarsqua.azurewebsites.net\/lvt\/wp-json\/wp\/v2\/media?parent=33872"}],"curies":[{"name":"wp","href":"https:\/\/api.w.org\/{rel}","templated":true}]}}