{"id":33876,"date":"2020-10-06T15:00:26","date_gmt":"2020-10-06T15:00:26","guid":{"rendered":"http:\/\/portaisars.azurewebsites.net\/lvt\/?page_id=33876"},"modified":"2020-10-06T15:00:30","modified_gmt":"2020-10-06T15:00:30","slug":"relatorios-de-caracterizacao-dos-aces","status":"publish","type":"page","link":"http:\/\/portaisarsqua.azurewebsites.net\/lvt\/centro-de-documentacao\/relatorios-de-caracterizacao-dos-aces\/","title":{"rendered":"Relat\u00f3rios de Caracteriza\u00e7\u00e3o dos ACES"},"content":{"rendered":"\n<div class=\"wp-block-file .is-style-squared\"><a href=\"http:\/\/portaisars.azurewebsites.net\/lvt\/wp-content\/uploads\/sites\/5\/2020\/10\/01_-_Lisboa_Norte_07_2013_vNET.pdf\">ACES Lisboa Norte \u276f <\/a><\/div>\n\n\n\n<div class=\"wp-block-file .is-style-squared\"><a href=\"http:\/\/portaisars.azurewebsites.net\/lvt\/wp-content\/uploads\/sites\/5\/2020\/10\/02_-_ACES_Lisboa_Central_VNET.pdf\">ACES Lisboa Central \u276f <\/a><\/div>\n\n\n\n<div class=\"wp-block-file .is-style-squared\"><a href=\"http:\/\/portaisars.azurewebsites.net\/lvt\/wp-content\/uploads\/sites\/5\/2020\/10\/05_-ACES_Amadora_vNET.pdf\">ACES Amadora \u276f  <\/a><\/div>\n\n\n\n<div class=\"wp-block-file .is-style-squared\"><a href=\"http:\/\/portaisars.azurewebsites.net\/lvt\/wp-content\/uploads\/sites\/5\/2020\/10\/06_-_ACES_Sintra_vNET.pdf\">ACES de Sintra \u276f  <\/a><\/div>\n\n\n\n<div class=\"wp-block-file .is-style-squared\"><a href=\"http:\/\/portaisars.azurewebsites.net\/lvt\/wp-content\/uploads\/sites\/5\/2020\/10\/07_-_ACES_Loures_Odivelas_Set2015_VNET.pdf\">ACES Loures Odivelas \u276f  <\/a><\/div>\n\n\n\n<div class=\"wp-block-file .is-style-squared\"><a href=\"http:\/\/portaisars.azurewebsites.net\/lvt\/wp-content\/uploads\/sites\/5\/2020\/10\/09_-_ACES_Almada_Seixal_20_07_2015_VNET.pdf\">ACES Almada Seixal \u276f  <\/a><\/div>\n\n\n\n<div class=\"wp-block-file .is-style-squared\"><a href=\"http:\/\/portaisars.azurewebsites.net\/lvt\/wp-content\/uploads\/sites\/5\/2020\/10\/10_-_ACES_Arco_Ribeirinho_10_2015_VNET.pdf\">ACES Arco Ribeirinho \u276f  <\/a><\/div>\n\n\n\n<div class=\"wp-block-file .is-style-squared\"><a href=\"http:\/\/portaisars.azurewebsites.net\/lvt\/wp-content\/uploads\/sites\/5\/2020\/10\/11_-_ACES_Arr_bida_final_vNET.pdf\">ACES Arr\u00e1bida \u276f  <\/a><\/div>\n\n\n\n<div style=\"height:40px\" aria-hidden=\"true\" class=\"wp-block-spacer\"><\/div>\n","protected":false},"excerpt":{"rendered":"","protected":false},"author":79,"featured_media":0,"parent":31188,"menu_order":8,"comment_status":"closed","ping_status":"closed","template":"","meta":[],"_links":{"self":[{"href":"http:\/\/portaisarsqua.azurewebsites.net\/lvt\/wp-json\/wp\/v2\/pages\/33876"}],"collection":[{"href":"http:\/\/portaisarsqua.azurewebsites.net\/lvt\/wp-json\/wp\/v2\/pages"}],"about":[{"href":"http:\/\/portaisarsqua.azurewebsites.net\/lvt\/wp-json\/wp\/v2\/types\/page"}],"author":[{"embeddable":true,"href":"http:\/\/portaisarsqua.azurewebsites.net\/lvt\/wp-json\/wp\/v2\/users\/79"}],"replies":[{"embeddable":true,"href":"http:\/\/portaisarsqua.azurewebsites.net\/lvt\/wp-json\/wp\/v2\/comments?post=33876"}],"version-history":[{"count":1,"href":"http:\/\/portaisarsqua.azurewebsites.net\/lvt\/wp-json\/wp\/v2\/pages\/33876\/revisions"}],"predecessor-version":[{"id":33885,"href":"http:\/\/portaisarsqua.azurewebsites.net\/lvt\/wp-json\/wp\/v2\/pages\/33876\/revisions\/33885"}],"up":[{"embeddable":true,"href":"http:\/\/portaisarsqua.azurewebsites.net\/lvt\/wp-json\/wp\/v2\/pages\/31188"}],"wp:attachment":[{"href":"http:\/\/portaisarsqua.azurewebsites.net\/lvt\/wp-json\/wp\/v2\/media?parent=33876"}],"curies":[{"name":"wp","href":"https:\/\/api.w.org\/{rel}","templated":true}]}}