{"id":33923,"date":"2020-10-06T16:34:31","date_gmt":"2020-10-06T16:34:31","guid":{"rendered":"http:\/\/portaisars.azurewebsites.net\/lvt\/?page_id=33923"},"modified":"2020-10-06T16:34:35","modified_gmt":"2020-10-06T16:34:35","slug":"populacao-residente-e-dados-demograficos-2011","status":"publish","type":"page","link":"http:\/\/portaisarsqua.azurewebsites.net\/lvt\/centro-de-documentacao\/populacao-residente-e-dados-demograficos-2011\/","title":{"rendered":"Popula\u00e7\u00e3o Residente e Dados Demogr\u00e1ficos 2011"},"content":{"rendered":"\n<p>A popula\u00e7\u00e3o residente em Portugal, \u00e0 data do momento censit\u00e1rio (21 de Mar\u00e7o de 2011) era de 10 562 178 pessoas, das quais 5 046 600 s\u00e3o homens e 5 515 578 s\u00e3o mulheres, de acordo com os resultados definitivos dos Censos 2011 (INE, Portal)<\/p>\n\n\n\n<table class=\"wp-block-table has-subtle-light-gray-background-color has-fixed-layout has-background\"><tbody><tr><td><strong>PORTUGAL<\/strong><\/td><td><strong>2011<\/strong><\/td><td><strong>2001<\/strong><\/td><\/tr><tr><td>Popula\u00e7\u00e3o<\/td><td>10 562 178<\/td><td>10 356 117<\/td><\/tr><tr><td>Mulheres<\/td><td>5 515 578<\/td><td>5 355 976<\/td><\/tr><tr><td>Homens<\/td><td>5 046 600<\/td><td>5 000 141<\/td><\/tr><tr><td>Fam\u00edlias<\/td><td>4 048 559<\/td><td>3 654 633<\/td><\/tr><tr><td>Alojamentos<\/td><td>5 878 756<\/td><td>5 054 922<\/td><\/tr><tr><td>Edif\u00edcios<\/td><td>3 544 389<\/td><td>3 160 043<\/td><\/tr><\/tbody><\/table>\n\n\n\n<p>Fonte: INE, Censos 2011<\/p>\n\n\n\n<div style=\"height:40px\" aria-hidden=\"true\" class=\"wp-block-spacer\"><\/div>\n\n\n\n<div class=\"wp-block-file .is-style-squared\"><a href=\"http:\/\/portaisars.azurewebsites.net\/lvt\/wp-content\/uploads\/sites\/5\/2020\/10\/20Censos2011_res_definitivos.pdf\">Mais informa\u00e7\u00e3o sobre popula\u00e7\u00e3o, fam\u00edlia e habita\u00e7\u00e3o, em s\u00edntese neste Destaque Censos 2011 (INE, Portal)  \u276f   <\/a><\/div>\n\n\n\n<div class=\"wp-block-file .is-style-squared\"><a href=\"http:\/\/portaisars.azurewebsites.net\/lvt\/wp-content\/uploads\/sites\/5\/2020\/10\/Censos_2011_-_ACES_15.pdf\">Popula\u00e7\u00e3o Residente e Indicadores Demogr\u00e1ficos da RLVT, de acordo com a nova reorganiza\u00e7\u00e3o dos ACES, segundo os Censos 2011 (dados definitivos) \u276f   <\/a><\/div>\n\n\n\n<div style=\"height:40px\" aria-hidden=\"true\" class=\"wp-block-spacer\"><\/div>\n","protected":false},"excerpt":{"rendered":"<p>A popula\u00e7\u00e3o residente em Portugal, \u00e0 data do momento censit\u00e1rio (21 de Mar\u00e7o de 2011) era de 10 562 178 pessoas, das quais 5 046 600 s\u00e3o homens e 5 515 578 s\u00e3o mulheres, de acordo com os resultados definitivos dos Censos 2011 (INE, Portal) PORTUGAL 2011 2001 Popula\u00e7\u00e3o 10 562 178 10 356 117 [&hellip;]<\/p>\n","protected":false},"author":79,"featured_media":0,"parent":31188,"menu_order":13,"comment_status":"closed","ping_status":"closed","template":"","meta":[],"_links":{"self":[{"href":"http:\/\/portaisarsqua.azurewebsites.net\/lvt\/wp-json\/wp\/v2\/pages\/33923"}],"collection":[{"href":"http:\/\/portaisarsqua.azurewebsites.net\/lvt\/wp-json\/wp\/v2\/pages"}],"about":[{"href":"http:\/\/portaisarsqua.azurewebsites.net\/lvt\/wp-json\/wp\/v2\/types\/page"}],"author":[{"embeddable":true,"href":"http:\/\/portaisarsqua.azurewebsites.net\/lvt\/wp-json\/wp\/v2\/users\/79"}],"replies":[{"embeddable":true,"href":"http:\/\/portaisarsqua.azurewebsites.net\/lvt\/wp-json\/wp\/v2\/comments?post=33923"}],"version-history":[{"count":1,"href":"http:\/\/portaisarsqua.azurewebsites.net\/lvt\/wp-json\/wp\/v2\/pages\/33923\/revisions"}],"predecessor-version":[{"id":33926,"href":"http:\/\/portaisarsqua.azurewebsites.net\/lvt\/wp-json\/wp\/v2\/pages\/33923\/revisions\/33926"}],"up":[{"embeddable":true,"href":"http:\/\/portaisarsqua.azurewebsites.net\/lvt\/wp-json\/wp\/v2\/pages\/31188"}],"wp:attachment":[{"href":"http:\/\/portaisarsqua.azurewebsites.net\/lvt\/wp-json\/wp\/v2\/media?parent=33923"}],"curies":[{"name":"wp","href":"https:\/\/api.w.org\/{rel}","templated":true}]}}