{"id":22624,"date":"2013-03-19T15:55:28","date_gmt":"2013-03-19T15:55:28","guid":{"rendered":"http:\/\/portaisars.azurewebsites.net\/norte\/instrumentos-de-gestao-2\/"},"modified":"2018-02-08T12:08:46","modified_gmt":"2018-02-08T12:08:46","slug":"instrumentos-de-gestao-2","status":"publish","type":"page","link":"http:\/\/portaisarsqua.azurewebsites.net\/norte\/instrumentos-de-gestao-2\/","title":{"rendered":"Instrumentos de Gest\u00e3o"},"content":{"rendered":"<div style=\"margin-left: 10px\">\n<p>No termos do disposto no artigo 44\u00ba da <a href=\"http:\/\/dre.pt\/pdf1s\/2004\/01\/012A00\/03010311.pdf\" target=\"new\" rel=\"noopener noreferrer\">Lei Quadro dos Institutos P\u00fablicos<\/a> e do n.\u00ba 5 do artigo 10\u00ba da <a href=\"http:\/\/dre.pt\/pdf1sdip\/2007\/12\/25001\/0000200021.pdf\" target=\"new\" rel=\"noopener noreferrer\">Lei n.\u00ba 66-B\/2007<\/a>, de 28 de Dezembro, publicita-se a seguinte informa\u00e7\u00e3o:<\/p>\n<p>&nbsp;<\/p>\n<ul>\n<li>Conta de Ger\u00eancia<\/li>\n<li>Plano Estrat\u00e9gico<\/li>\n<li>Plano de Actividades<\/li>\n<li>Relat\u00f3rio de Actividades<\/li>\n<li>Mapa de Pessoal<\/li>\n<li>QUAR<\/li>\n<\/ul>\n<\/div>\n","protected":false},"excerpt":{"rendered":"<p>No termos do disposto no artigo 44\u00ba da Lei Quadro dos Institutos P\u00fablicos e do n.\u00ba 5 do artigo 10\u00ba da Lei n.\u00ba 66-B\/2007, de 28 de Dezembro, publicita-se a seguinte informa\u00e7\u00e3o: &nbsp; Conta de Ger\u00eancia Plano Estrat\u00e9gico Plano de Actividades Relat\u00f3rio de Actividades Mapa de Pessoal QUAR<\/p>\n","protected":false},"author":4,"featured_media":0,"parent":0,"menu_order":339,"comment_status":"closed","ping_status":"closed","template":"","meta":[],"_links":{"self":[{"href":"http:\/\/portaisarsqua.azurewebsites.net\/norte\/wp-json\/wp\/v2\/pages\/22624"}],"collection":[{"href":"http:\/\/portaisarsqua.azurewebsites.net\/norte\/wp-json\/wp\/v2\/pages"}],"about":[{"href":"http:\/\/portaisarsqua.azurewebsites.net\/norte\/wp-json\/wp\/v2\/types\/page"}],"author":[{"embeddable":true,"href":"http:\/\/portaisarsqua.azurewebsites.net\/norte\/wp-json\/wp\/v2\/users\/4"}],"replies":[{"embeddable":true,"href":"http:\/\/portaisarsqua.azurewebsites.net\/norte\/wp-json\/wp\/v2\/comments?post=22624"}],"version-history":[{"count":33,"href":"http:\/\/portaisarsqua.azurewebsites.net\/norte\/wp-json\/wp\/v2\/pages\/22624\/revisions"}],"predecessor-version":[{"id":41281,"href":"http:\/\/portaisarsqua.azurewebsites.net\/norte\/wp-json\/wp\/v2\/pages\/22624\/revisions\/41281"}],"wp:attachment":[{"href":"http:\/\/portaisarsqua.azurewebsites.net\/norte\/wp-json\/wp\/v2\/media?parent=22624"}],"curies":[{"name":"wp","href":"https:\/\/api.w.org\/{rel}","templated":true}]}}