{"id":32454,"date":"2017-12-11T15:55:13","date_gmt":"2017-12-11T15:55:13","guid":{"rendered":"http:\/\/portaisars.azurewebsites.net\/norte\/?page_id=32454"},"modified":"2017-12-13T12:26:01","modified_gmt":"2017-12-13T12:26:01","slug":"ratreios","status":"publish","type":"page","link":"http:\/\/portaisarsqua.azurewebsites.net\/norte\/ratreios\/","title":{"rendered":"Rastreios"},"content":{"rendered":"<table style=\"width: 636.56px;height: 54px\">\n<tbody>\n<tr style=\"height: 120px\">\n<td style=\"width: 640.56px;text-align: center;height: 120px\">\n<h4><strong>Programas de Rastreios na Regi\u00e3o Norte:<\/strong><\/h4>\n<p>&nbsp;<\/p>\n<p>A apresenta\u00e7\u00e3o p\u00fablica do\u00a0<a href=\"http:\/\/portaisars.azurewebsites.net\/norte\/wp-content\/uploads\/sites\/3\/2017\/12\/Programas-de-rastreio-na-Regiao-Norte-apresentacao.pdf\" target=\"_blank\" rel=\"noopener noreferrer\"><strong>Programa de rastreios<\/strong>\u00a0<strong>na<\/strong><strong>\u00a0<\/strong><strong>Regi\u00e3o Norte\u00a0<\/strong><\/a>realizou-se a 18 de Fevereiro de 2009, com apresen\u00e7a da Exma. Sra. Ministra da Sa\u00fade, Dra. Ana Jorge\u00a0.<\/td>\n<\/tr>\n<\/tbody>\n<\/table>\n<p>&nbsp;<\/p>\n<p>&nbsp;<\/p>\n","protected":false},"excerpt":{"rendered":"<p>Programas de Rastreios na Regi\u00e3o Norte: &nbsp; A apresenta\u00e7\u00e3o p\u00fablica do\u00a0Programa de rastreios\u00a0na\u00a0Regi\u00e3o Norte\u00a0realizou-se a 18 de Fevereiro de 2009, com apresen\u00e7a da Exma. Sra. Ministra da Sa\u00fade, Dra. Ana Jorge\u00a0. &nbsp; &nbsp;<\/p>\n","protected":false},"author":15,"featured_media":0,"parent":0,"menu_order":245,"comment_status":"closed","ping_status":"closed","template":"","meta":[],"_links":{"self":[{"href":"http:\/\/portaisarsqua.azurewebsites.net\/norte\/wp-json\/wp\/v2\/pages\/32454"}],"collection":[{"href":"http:\/\/portaisarsqua.azurewebsites.net\/norte\/wp-json\/wp\/v2\/pages"}],"about":[{"href":"http:\/\/portaisarsqua.azurewebsites.net\/norte\/wp-json\/wp\/v2\/types\/page"}],"author":[{"embeddable":true,"href":"http:\/\/portaisarsqua.azurewebsites.net\/norte\/wp-json\/wp\/v2\/users\/15"}],"replies":[{"embeddable":true,"href":"http:\/\/portaisarsqua.azurewebsites.net\/norte\/wp-json\/wp\/v2\/comments?post=32454"}],"version-history":[{"count":31,"href":"http:\/\/portaisarsqua.azurewebsites.net\/norte\/wp-json\/wp\/v2\/pages\/32454\/revisions"}],"predecessor-version":[{"id":41268,"href":"http:\/\/portaisarsqua.azurewebsites.net\/norte\/wp-json\/wp\/v2\/pages\/32454\/revisions\/41268"}],"wp:attachment":[{"href":"http:\/\/portaisarsqua.azurewebsites.net\/norte\/wp-json\/wp\/v2\/media?parent=32454"}],"curies":[{"name":"wp","href":"https:\/\/api.w.org\/{rel}","templated":true}]}}