{"id":32466,"date":"2017-12-11T17:57:05","date_gmt":"2017-12-11T17:57:05","guid":{"rendered":"http:\/\/portaisars.azurewebsites.net\/norte\/?page_id=32466"},"modified":"2021-04-06T09:42:15","modified_gmt":"2021-04-06T09:42:15","slug":"cancro-da-mama","status":"publish","type":"page","link":"http:\/\/portaisarsqua.azurewebsites.net\/norte\/ratreios\/cancro-da-mama\/","title":{"rendered":"Cancro da Mama"},"content":{"rendered":"<div>\n<table style=\"width: 509px\" border=\"0\" align=\"left\">\n<tbody>\n<tr>\n<td style=\"width: 102px\" colspan=\"3\" align=\"left\" valign=\"center\" bgcolor=\"#ffffff\" height=\"12\">\n<p align=\"center\"><img loading=\"lazy\" class=\"\" src=\"http:\/\/www.arsnorte.min-saude.pt\/wp-content\/uploads\/sites\/3\/2017\/12\/RCM_Logo.jpg\" width=\"270\" height=\"320\" \/><\/p>\n<p style=\"text-align: justify\">O cancro da mama \u00e9 o mais frequente na mulher, sendo respons\u00e1vel por um n\u00famero elevado de mortes.<\/p>\n<p style=\"text-align: justify\">Al\u00e9m do indispens\u00e1vel investimento em actividades de preven\u00e7\u00e3o prim\u00e1ria, tendo em conta o aumento de preval\u00eancia de importantes determinantes do cancro, nomeadamente o consumo de tabaco pelas mulheres e a obesidade, no cancro da mama a preven\u00e7\u00e3o secund\u00e1ria baseada na mamografia afigura-se primordial.<\/p>\n<p style=\"text-align: justify\">A alta vulnerabilidade do cancro da mama e as caracter\u00edsticas do exame de rastreio, a mamografia, permitem que todo o investimento no seu rastreio seja altamente produtivo, com resultados evidentes na diminui\u00e7\u00e3o das taxas de mortalidade e na altera\u00e7\u00e3o favor\u00e1vel dos padr\u00f5es de morbilidade.<\/p>\n<p style=\"text-align: justify\">Contudo, a redu\u00e7\u00e3o da mortalidade do cancro da mama s\u00f3 ter\u00e1 sucesso se for empreendida uma adequada estrat\u00e9gia preventiva, com base na realiza\u00e7\u00e3o de um rastreio sistem\u00e1tico, de base populacional, atrav\u00e9s de convite \u00e0s mulheres da popula\u00e7\u00e3o alvo, entre os 50 e os 69 anos para realiza\u00e7\u00e3o de uma mamografia, com uma estrutura organizacional que assegure a monitoriza\u00e7\u00e3o, o controlo e a garantia de qualidade aos v\u00e1rios n\u00edveis, desde os cuidados prim\u00e1rios aos hospitais de refer\u00eancia. Al\u00e9m de se salvar muitas vidas reduz-se a necessidade do recurso a tratamentos invasivos, com consequente aumento da qualidade de vida, gra\u00e7as a uma detec\u00e7\u00e3o precoce do cancro.<\/p>\n<p style=\"text-align: justify\">Com base nos princ\u00edpios anteriormente enunciados a ARSN implementa (e coordena) a n\u00edvel regional, o PRCM e para este fim contratou os servi\u00e7os da Liga Portuguesa Contra o Cancro \u2013 N\u00facleo regional do Norte (LPCC), na qualidade de entidade executora do rastreio, e conta com uma estrutura organizacional que garantir\u00e1 os mais altos n\u00edveis de qualidade.<\/p>\n<\/td>\n<\/tr>\n<\/tbody>\n<\/table>\n<\/div>\n<div align=\"left\">\n<table style=\"width: 517px\" border=\"0\">\n<tbody>\n<tr style=\"height: 12px\">\n<td style=\"width: 517px;height: 12px\" align=\"left\" valign=\"center\" bgcolor=\"#cdece6\">\n<h3 style=\"text-align: left\" align=\"left\"><b>Quest\u00f5es frequentes<\/b><\/h3>\n<\/td>\n<\/tr>\n<tr style=\"height: 13px\">\n<td style=\"width: 517px;height: 13px\"><\/td>\n<\/tr>\n<tr style=\"height: 11px\">\n<td style=\"width: 517px;height: 11px\">\n<p style=\"text-align: left\" align=\"left\"><strong>O que \u00e9 o Rastreio do Cancro da Mama (RCM)?<\/strong><\/p>\n<\/td>\n<\/tr>\n<tr style=\"height: 168px\">\n<td style=\"width: 517px;height: 168px\">\n<p style=\"text-align: justify\">\u00bb O rastreio do cancro da mama consiste na realiza\u00e7\u00e3o de uma mamografia que \u00e9 uma radiografia aos dois seios.<\/p>\n<p style=\"text-align: justify\">\u00bb A mamografia pode detectar cancros mam\u00e1rios numa fase precoce, mesmo quando eles s\u00e3o demasiado pequenos para os palpar ou sentir.<\/p>\n<\/td>\n<\/tr>\n<tr style=\"height: 24px\">\n<td style=\"width: 517px;height: 24px;text-align: left\"><strong>Porque necessito de fazer o rastreio do cancro da mama?<\/strong><\/td>\n<\/tr>\n<tr style=\"height: 202px\">\n<td style=\"width: 517px;height: 202px\">\n<p style=\"text-align: justify\">\u00bb \u00c9 entre os 50 e os 69 anos que o rastreio \u00e9 mais eficaz e pode ajudar a detectar pequenas altera\u00e7\u00f5es. Se estas forem detectadas numa fase precoce, h\u00e1 boas hip\u00f3teses de uma recupera\u00e7\u00e3o com \u00eaxito.<\/p>\n<p style=\"text-align: justify\">\u00bb Na Regi\u00e3o Norte, por ano, s\u00e3o diagnosticados aproximadamente 1450 novos casos de cancro da mama e morrem cerca de 350 mulheres.<\/p>\n<\/td>\n<\/tr>\n<tr style=\"height: 22px\">\n<td style=\"width: 517px;height: 22px;text-align: left\"><strong>Sinto-me bem, n\u00e3o tenho caro\u00e7o nenhum, tenho que fazer, na mesma, a mamografia?<\/strong><\/td>\n<\/tr>\n<tr style=\"height: 56px\">\n<td style=\"width: 517px;height: 56px\">\n<p style=\"text-align: justify\">\u00bb\u00a0Sim, a partir dos 50 anos, mesmo sentindo-se bem, \u00e9 importante fazer o rastreio mam\u00e1rio de dois em dois anos porque o rastreio pode permitir detectar altera\u00e7\u00f5es que ainda n\u00e3o s\u00e3o palp\u00e1veis.<\/p>\n<\/td>\n<\/tr>\n<tr style=\"height: 49px\">\n<td style=\"width: 517px;height: 49px;text-align: left\"><strong>Quem deve fazer a mamografia?<\/strong><\/td>\n<\/tr>\n<tr style=\"height: 29px\">\n<td style=\"width: 517px;height: 29px\">\n<p style=\"text-align: justify\">\u00bb Todas as mulheres com idades compreendidas entre os 50 e os 69 anos dever\u00e3o fazer este exame de dois em dois anos.<\/p>\n<p style=\"text-align: justify\">\u00bb Em fun\u00e7\u00e3o da sua hist\u00f3ria pessoal, o seu m\u00e9dico pode propor-lhe uma mamografia antes dos 50 anos ou depois dos 70 anos.<\/p>\n<\/td>\n<\/tr>\n<tr style=\"height: 24px\">\n<td style=\"width: 517px;height: 24px;text-align: left\"><strong>J\u00e1 fui operada \u00e0 mama. Posso fazer mamografia de rastreio?<\/strong><\/td>\n<\/tr>\n<tr style=\"height: 24px\">\n<td style=\"width: 517px;height: 24px;text-align: left\">Sim, exceto se teve hist\u00f3ria pessoal de cancro da mama ou cirurgia pl\u00e1stica com pr\u00f3teses mam\u00e1rias. Nestes casos dever\u00e1 ser orientada pelo seu m\u00e9dico para uma avalia\u00e7\u00e3o de acordo com a sua situa\u00e7\u00e3o cl\u00ednica. Estes s\u00e3o, entre outros, motivos de exclus\u00e3o do Rastreio.<\/td>\n<\/tr>\n<tr style=\"height: 24px\">\n<td style=\"width: 517px;height: 24px;text-align: left\"><strong>Como \u00e9 que posso fazer o rastreio?<\/strong><\/td>\n<\/tr>\n<tr style=\"height: 218px\">\n<td style=\"width: 517px;height: 218px\">\n<p style=\"text-align: justify\">\u00bb Se tiver uma idade compreendida entre os 50 e os 69 anos e estiver inscrita num centro de sa\u00fade da regi\u00e3o norte, o seu m\u00e9dico de fam\u00edlia informa a Liga Portuguesa Contra o Cancro que dever\u00e1 convid\u00e1-la para fazer uma mamografia.<\/p>\n<p style=\"text-align: justify\">\u00bb A Liga Portuguesa Contra o Cancro dever\u00e1 enviar-lhe uma carta convite com indica\u00e7\u00e3o da data em que poder\u00e1 realizar a radiografia aos dois seios e o local onde se encontra a unidade de rastreio.<\/p>\n<p style=\"text-align: justify\">\u00bb Esta unidade de rastreio pode ser m\u00f3vel (estaciona no seu concelho de dois em dois anos) ou fixa.<\/p>\n<p style=\"text-align: justify\">\u00bb No <strong>dia do exame<\/strong>\u00a0deve levar consigo a\u00a0<u>carta convite<\/u>, o seu\u00a0<u>bilhete de identidade<\/u>\u00a0e o\u00a0<u>cart\u00e3o de utente<\/u>\u00a0do centro de sa\u00fade.<\/p>\n<\/td>\n<\/tr>\n<tr style=\"height: 24px\">\n<td style=\"width: 517px;height: 24px;text-align: left\"><strong>O que \u00e9 que me acontece durante o rastreio?<\/strong><\/td>\n<\/tr>\n<tr style=\"height: 158px\">\n<td style=\"width: 517px;height: 158px\">\n<p style=\"text-align: justify\">\u00bb Quando chegar, uma funcion\u00e1ria da Liga explicar\u00e1 os detalhes do exame que vai realizar e far\u00e1 algumas perguntas.<\/p>\n<p style=\"text-align: justify\">\u00bb Esteja \u00e0 vontade para esclarecer as d\u00favidas que tenha sobre o rastreio.<\/p>\n<p style=\"text-align: justify\">\u00bb Habitualmente s\u00e3o precisas duas radiografias para cada seio.<\/p>\n<p style=\"text-align: justify\">\u00bb Para obter uma boa imagem o seio \u00e9 comprimido entre duas placas especiais.<\/p>\n<p style=\"text-align: justify\">&#8211; A quantidade de radia\u00e7\u00e3o por exame \u00e9 t\u00e3o pequena que o risco com a repeti\u00e7\u00e3o do exame \u00e9 praticamente inexistente.<\/p>\n<\/td>\n<\/tr>\n<tr style=\"height: 24px\">\n<td style=\"width: 517px;height: 24px;text-align: left\"><strong>A mamografia d\u00f3i?<\/strong><\/td>\n<\/tr>\n<tr style=\"height: 88px\">\n<td style=\"width: 517px;height: 88px\">\n<p style=\"text-align: justify\">\u00bb Algumas mulheres sentem desconforto e at\u00e9 alguma dor com a compress\u00e3o dos seios. A dor \u00e9 habitualmente passageira e desaparece no final do exame.<\/p>\n<p style=\"text-align: justify\">\u00bb N\u00e3o hesite em manifestar o desconforto que poder\u00e1 eventualmente sentir.<\/p>\n<\/td>\n<\/tr>\n<tr style=\"height: 36px\">\n<td style=\"width: 517px;height: 36px;text-align: left\"><strong>Quando \u00e9 que recebo o resultado?<\/strong><\/td>\n<\/tr>\n<tr style=\"height: 75px\">\n<td style=\"width: 517px;height: 75px;text-align: justify\">\u00bb O resultado da mamografia ser-lhe-\u00e1 enviado pela Liga Portuguesa Contra o Cancro, em carta fechada, para a sua resid\u00eancia e para o seu m\u00e9dico, num prazo que n\u00e3o dever\u00e1 exceder quatro semanas ap\u00f3s o exame.<\/td>\n<\/tr>\n<tr style=\"height: 24px\">\n<td style=\"width: 517px;height: 24px;text-align: left\"><strong>Se for chamada de novo, o que \u00e9 que isto significa?<\/strong><\/td>\n<\/tr>\n<tr style=\"height: 295px\">\n<td style=\"width: 517px;height: 295px\">\n<p style=\"text-align: justify\">\u00bb Algumas mulheres (cerca de uma em cada 14 mulheres rastreadas) s\u00e3o chamadas para uma consulta de aferi\u00e7\u00e3o e nova mamografia a realizar no Porto onde m\u00e9dicos especialistas se esfor\u00e7ar\u00e3o por esclarecer as d\u00favidas.<\/p>\n<p style=\"text-align: justify\">\u00bb Se a nova mamografia n\u00e3o for suficiente para esclarecimento, ser\u00e1 convidada para outros exames (ecografia mam\u00e1ria e, se necess\u00e1rio, biopsia dirigida).<\/p>\n<p style=\"text-align: justify\">\u00bb N\u00e3o fique surpreendida se os novos exames mostrarem que n\u00e3o h\u00e1 nada com que se preocupar. A maioria das mulheres n\u00e3o apresenta nenhum problema e ser\u00e3o de novo contactadas, pela <a href=\"https:\/\/www.ligacontracancro.pt\/\" target=\"_blank\" rel=\"noopener noreferrer\">Liga Portuguesa Contra o Cancro<\/a>, dois anos depois para novo rastreio.<\/p>\n<p>\u00bb\u00a0Caso seja necess\u00e1rio analisar melhor a situa\u00e7\u00e3o, poder\u00e1 ter que fazer um estudo adicional num hospital preparado para o efeito e cuja marca\u00e7\u00e3o ser\u00e1 assegurada pela Liga, no mais curto espa\u00e7o de tempo.<\/td>\n<\/tr>\n<tr style=\"height: 24px\">\n<td style=\"width: 517px;height: 24px;text-align: left\"><strong>E se eu precisar de tratamento?<\/strong><\/td>\n<\/tr>\n<tr style=\"height: 107px\">\n<td style=\"width: 517px;height: 107px;text-align: justify\">\u00bb Se ap\u00f3s os exames necessitar de tratamento, uma equipa hospitalar cuidar\u00e1 de si, assegurando-lhe cuidados e tratamentos de elevada qualidade que s\u00e3o constantemente revistos e melhorados.<\/td>\n<\/tr>\n<tr style=\"height: 24px\">\n<td style=\"width: 517px;height: 24px;text-align: left\"><strong>O rastreio mam\u00e1rio previne o cancro?<\/strong><\/td>\n<\/tr>\n<tr style=\"height: 221px\">\n<td style=\"width: 517px;height: 221px\">\n<p style=\"text-align: justify\">\u00bb N\u00e3o, o rastreio mam\u00e1rio ajuda a detectar o cancro da mama se ele j\u00e1 existir, embora alguns cancros sejam muito dif\u00edceis de ver ou n\u00e3o se consigam, de todo, detectar nas radiografias.<\/p>\n<p style=\"text-align: justify\">\u00bb Mesmo assim, a mamografia \u00e9 a forma mais fi\u00e1vel de detectar cancro precocemente, possibilitando tratamentos mais eficazes.<\/p>\n<p style=\"text-align: justify\">\u00bb O trabalho da Liga assenta em crit\u00e9rios rigorosos de qualidade que incluem a revis\u00e3o sistem\u00e1tica das mamografias por dois ou mais m\u00e9dicos radiologistas com forma\u00e7\u00e3o espec\u00edfica.<\/p>\n<\/td>\n<\/tr>\n<tr style=\"height: 24px\">\n<td style=\"width: 517px;height: 24px;text-align: left\"><strong>Tenho que pagar alguma coisa?<\/strong><\/td>\n<\/tr>\n<tr style=\"height: 50px\">\n<td style=\"width: 517px;height: 50px;text-align: justify\">\u00bb N\u00e3o, a mamografia e todos os exames que lhe forem eventualmente efectuados no \u00e2mbito deste rastreio s\u00e3o gratuitos para si.<\/td>\n<\/tr>\n<tr style=\"height: 12px\">\n<td style=\"width: 517px;height: 12px\" align=\"left\" valign=\"center\" bgcolor=\"#82babe\">\n<p style=\"text-align: justify\" align=\"center\"><strong><span style=\"color: #ffffff\">Saiba o que \u00e9 normal para si, olhe para os seus seios e palpe-os. Se detectar altera\u00e7\u00f5es da mama, tais como um pequeno n\u00f3dulo ou espessamento localizado, assimetria dos contornos da mama, retrac\u00e7\u00e3o da pele ou corrimento mamilar, consulte o seu m\u00e9dico.<\/span><\/strong><\/p>\n<\/td>\n<\/tr>\n<\/tbody>\n<\/table>\n<\/div>\n<div align=\"left\">\n<table style=\"width: 517px\" border=\"0\">\n<tbody>\n<tr style=\"height: 9px\">\n<td style=\"width: 32px;height: 9px;text-align: left\" align=\"left\" valign=\"center\" bgcolor=\"#cdece6\"><b><br \/>\nMais informa\u00e7\u00e3o e apoio<\/b><\/td>\n<\/tr>\n<tr style=\"height: 540.556px\">\n<td style=\"width: 32px;height: 540.556px\">\n<p style=\"text-align: left\"><strong>Se tiver quaisquer d\u00favidas sobre o servi\u00e7o<\/strong>:<\/p>\n<p style=\"text-align: left\">\u00bb Esclare\u00e7a-as junto do seu m\u00e9dico;<\/p>\n<p style=\"text-align: left\">\u00bb Contacte o seu centro de sa\u00fade local;<\/p>\n<p style=\"text-align: left\">\u00bb Pode pedir informa\u00e7\u00f5es \u00e0:<\/p>\n<p style=\"text-align: left\"><strong>Liga Portuguesa Contra o Cancro &#8211;\u00a0 N\u00facleo Regional do Norte<\/strong><br \/>\nMorada: Estrada Interior da Circunvala\u00e7\u00e3o n.\u00ba 6657<br \/>\n4200 -177 Porto;<\/p>\n<p style=\"text-align: justify\">Telf 22 5420682\/6, Fax 22 5420687,<\/p>\n<p style=\"text-align: justify\">Email: <a href=\"mailto:rcmama.nrn@ligacontracancro.pt\" target=\"_blank\" rel=\"noopener noreferrer\">rcmama.nrn@ligacontracancro.pt<\/a><\/p>\n<p>\u00bb Visite regularmente a nossa p\u00e1gina em:<br \/>\n<a href=\"http:\/\/portaisars.azurewebsites.net\/norte\/\" target=\"_blank\" rel=\"noopener noreferrer\">www.arsnorte.min-saude.pt<\/a><\/p>\n<p>\u00bb Visite regularmente a p\u00e1gina da Liga em:<br \/>\n<a href=\"http:\/\/www.ligacontracancro.pt\/\" target=\"_blank\" rel=\"noopener noreferrer\">www.ligacontracancro.pt<\/a><\/td>\n<\/tr>\n<\/tbody>\n<\/table>\n<\/div>\n<div align=\"left\">\n<table style=\"width: 521px\" border=\"0\">\n<tbody>\n<tr style=\"height: 12px\">\n<td style=\"width: 32px;height: 12px;text-align: left\" align=\"left\" valign=\"center\" bgcolor=\"#cdece6\"><b>Materiais de divulga\u00e7\u00e3o<br \/>\n<\/b><\/td>\n<\/tr>\n<tr style=\"height: 39px\">\n<td style=\"height: 39px;width: 32px\">\u00bb Outdoor (<a href=\"http:\/\/portaisars.azurewebsites.net\/norte\/wp-content\/uploads\/sites\/3\/2017\/12\/RCM_Mupie_120x175cm-A.pdf\" target=\"_blank\" rel=\"noopener noreferrer\">vers\u00e3o A<\/a>\u00a0,\u00a0<a href=\"http:\/\/portaisars.azurewebsites.net\/norte\/wp-content\/uploads\/sites\/3\/2017\/12\/RCM_Mupie_120x175cm-B.pdf\" target=\"_blank\" rel=\"noopener noreferrer\">vers\u00e3o B<\/a>)<\/td>\n<\/tr>\n<tr style=\"height: 35px\">\n<td style=\"width: 32px;height: 35px\">\u00bb Logotipo (<a href=\"http:\/\/portaisars.azurewebsites.net\/norte\/wp-content\/uploads\/sites\/3\/2017\/12\/RCM_Logo.jpg\" target=\"_blank\" rel=\"noopener noreferrer\">jpg<\/a>,\u00a0<a href=\"http:\/\/portaisars.azurewebsites.net\/norte\/wp-content\/uploads\/sites\/3\/2017\/12\/RCM_Logo.pdf\" target=\"_blank\" rel=\"noopener noreferrer\">pdf<\/a>)<\/td>\n<\/tr>\n<tr style=\"height: 32px\">\n<td style=\"width: 32px;height: 32px\">\u00bb Cartazes (<a href=\"http:\/\/portaisars.azurewebsites.net\/norte\/wp-content\/uploads\/sites\/3\/2017\/12\/RCM_Cartaz_A2-A.pdf\" target=\"_blank\" rel=\"noopener noreferrer\">vers\u00e3o A<\/a>\u00a0,\u00a0<a href=\"http:\/\/portaisars.azurewebsites.net\/norte\/wp-content\/uploads\/sites\/3\/2017\/12\/RCM_Cartaz_A2-B.pdf\" target=\"_blank\" rel=\"noopener noreferrer\">vers\u00e3o B<\/a>)<\/td>\n<\/tr>\n<tr style=\"height: 32px\">\n<td style=\"width: 32px;height: 32px\">\u00bb Triptico (<a href=\"http:\/\/portaisars.azurewebsites.net\/norte\/wp-content\/uploads\/sites\/3\/2017\/12\/RCM_Triptico_A4_V4.pdf\" target=\"_blank\" rel=\"noopener noreferrer\">pdf<\/a>)<\/td>\n<\/tr>\n<tr style=\"height: 37px\">\n<td style=\"width: 32px;height: 37px\">\u00bb Manual Executivo do Programa de Rastreio do Cancro da Mama (<a href=\"http:\/\/portaisars.azurewebsites.net\/norte\/wp-content\/uploads\/sites\/3\/2017\/12\/Manual_Executivo_PRCMama.pdf\" target=\"_blank\" rel=\"noopener noreferrer\">pdf<\/a>)<\/td>\n<\/tr>\n<tr style=\"height: 37px\">\n<td style=\"width: 32px;height: 37px\"><strong>Nota<\/strong>: Pelo <a href=\"https:\/\/dre.pt\/application\/file\/a\/108189321\" target=\"_blank\" rel=\"noopener noreferrer\">Despacho do Secret\u00e1rio de Estado Adjunto e da Sa\u00fade n.\u00ba 8254\/2017<\/a>, a idade da popula\u00e7\u00e3o a que se destina o Programa de rastreio do cancro da mama foi alterada para 50-69 anos. As mulheres com idade inferior e que j\u00e1 participavam neste Programa continuam a estar inclu\u00eddas.<\/td>\n<\/tr>\n<\/tbody>\n<\/table>\n<\/div>\n<div align=\"left\">\n<table style=\"width: 521.5px\" border=\"0\">\n<tbody>\n<tr style=\"height: 37px\">\n<td style=\"width: 515.5px;text-align: left;height: 37px\" align=\"left\" valign=\"center\" bgcolor=\"#cdece6\"><b>Calend\u00e1rio de Rastreios por ACES\/Centro de Sa\u00fade<\/b><\/td>\n<\/tr>\n<tr style=\"height: 37px\">\n<td style=\"width: 27px;height: 37px\">\u00bb <a href=\"http:\/\/portaisars.azurewebsites.net\/norte\/wp-content\/uploads\/sites\/3\/2017\/12\/Calend\u00e1rio-RC-Mama-por-ACES-e-ULS.pdf\" target=\"_blank\" rel=\"noopener noreferrer\">Calend\u00e1rio<br \/>\n<\/a><\/td>\n<\/tr>\n<\/tbody>\n<\/table>\n<\/div>\n<div align=\"left\">\n<table style=\"width: 521.5px\" border=\"0\">\n<tbody>\n<tr style=\"height: 36px\">\n<td style=\"width: 511.5px;text-align: left;height: 36px\" bgcolor=\"#cdece6\"><b>Informa\u00e7\u00e3o para profissionais de sa\u00fade<\/b><\/td>\n<\/tr>\n<tr style=\"height: 72px\">\n<td style=\"width: 4px;text-align: justify;height: 72px\">\u00bb Para qualquer esclarecimento adicional, os Profissionais de Sa\u00fade poder\u00e3o contactar por\u00a0<a href=\"mailto:ftavares@arsnorte.min-saude.pt\" target=\"_blank\" rel=\"noopener noreferrer\">email<\/a> ou <a href=\"mailto:programas.rastreios@arsnorte.min-saude.pt\">programas.rastreios@arsnorte.min-saude.pt<\/a> a Coordena\u00e7\u00e3o do Programa Regional de Rastreios Oncol\u00f3gicos.<\/td>\n<\/tr>\n<\/tbody>\n<\/table>\n<\/div>\n","protected":false},"excerpt":{"rendered":"<p>O cancro da mama \u00e9 o mais frequente na mulher, sendo respons\u00e1vel por um n\u00famero elevado de mortes. Al\u00e9m do indispens\u00e1vel investimento em actividades de preven\u00e7\u00e3o prim\u00e1ria, tendo em conta o aumento de preval\u00eancia de importantes determinantes do cancro, nomeadamente o consumo de tabaco pelas mulheres e a obesidade, no cancro da mama a preven\u00e7\u00e3o [&hellip;]<\/p>\n","protected":false},"author":15,"featured_media":0,"parent":32454,"menu_order":137,"comment_status":"closed","ping_status":"closed","template":"","meta":[],"_links":{"self":[{"href":"http:\/\/portaisarsqua.azurewebsites.net\/norte\/wp-json\/wp\/v2\/pages\/32466"}],"collection":[{"href":"http:\/\/portaisarsqua.azurewebsites.net\/norte\/wp-json\/wp\/v2\/pages"}],"about":[{"href":"http:\/\/portaisarsqua.azurewebsites.net\/norte\/wp-json\/wp\/v2\/types\/page"}],"author":[{"embeddable":true,"href":"http:\/\/portaisarsqua.azurewebsites.net\/norte\/wp-json\/wp\/v2\/users\/15"}],"replies":[{"embeddable":true,"href":"http:\/\/portaisarsqua.azurewebsites.net\/norte\/wp-json\/wp\/v2\/comments?post=32466"}],"version-history":[{"count":84,"href":"http:\/\/portaisarsqua.azurewebsites.net\/norte\/wp-json\/wp\/v2\/pages\/32466\/revisions"}],"predecessor-version":[{"id":44637,"href":"http:\/\/portaisarsqua.azurewebsites.net\/norte\/wp-json\/wp\/v2\/pages\/32466\/revisions\/44637"}],"up":[{"embeddable":true,"href":"http:\/\/portaisarsqua.azurewebsites.net\/norte\/wp-json\/wp\/v2\/pages\/32454"}],"wp:attachment":[{"href":"http:\/\/portaisarsqua.azurewebsites.net\/norte\/wp-json\/wp\/v2\/media?parent=32466"}],"curies":[{"name":"wp","href":"https:\/\/api.w.org\/{rel}","templated":true}]}}