{"id":35182,"date":"2018-02-21T16:07:29","date_gmt":"2018-02-21T16:07:29","guid":{"rendered":"http:\/\/www.arsnorte.min-saude.pt\/?page_id=35182"},"modified":"2019-05-13T10:04:46","modified_gmt":"2019-05-13T10:04:46","slug":"projetos","status":"publish","type":"page","link":"http:\/\/portaisarsqua.azurewebsites.net\/norte\/projetos\/","title":{"rendered":"Projetos Cofinanciados"},"content":{"rendered":"<p>A ARS NORTE tem aprovados no <a href=\"https:\/\/www.portugal2020.pt\/Portal2020\/\" target=\"_blank\" rel=\"noopener noreferrer\">PORTUGAL 2020<\/a> projetos de investimento (<a href=\"https:\/\/www.portugal2020.pt\/Portal2020\/OperacoesAprovadas\" target=\"_blank\" rel=\"noopener noreferrer\">Opera\u00e7\u00f5es Aprovadas<\/a>) no valor total de 19.382.314,17 euros, a que corresponde um financiamento comunit\u00e1rio de 16.474.967,04 euros, proveniente em 98% do Fundo FEDER e 2% do Fundo FSE.<\/p>\n<p>&nbsp;<\/p>\n<p>Dentro do per\u00edodo de programa\u00e7\u00e3o 2014-2020 a ARS NORTE participa tamb\u00e9m em projeto europeu que obteve financiamento FEDER no <a href=\"https:\/\/www.interreg-sudoe.eu\/prt\/programa\/outros-programas-de-cooperacao\" target=\"_blank\" rel=\"noopener noreferrer\">Programa de Coopera\u00e7\u00e3o Interreg V-B Sudoeste Europeu<\/a> de iniciativa da Comiss\u00e3o Europeia.<\/p>\n","protected":false},"excerpt":{"rendered":"<p>A ARS NORTE tem aprovados no PORTUGAL 2020 projetos de investimento (Opera\u00e7\u00f5es Aprovadas) no valor total de 19.382.314,17 euros, a que corresponde um financiamento comunit\u00e1rio de 16.474.967,04 euros, proveniente em 98% do Fundo FEDER e 2% do Fundo FSE. &nbsp; Dentro do per\u00edodo de programa\u00e7\u00e3o 2014-2020 a ARS NORTE participa tamb\u00e9m em projeto europeu que [&hellip;]<\/p>\n","protected":false},"author":13,"featured_media":0,"parent":0,"menu_order":187,"comment_status":"closed","ping_status":"closed","template":"","meta":[],"_links":{"self":[{"href":"http:\/\/portaisarsqua.azurewebsites.net\/norte\/wp-json\/wp\/v2\/pages\/35182"}],"collection":[{"href":"http:\/\/portaisarsqua.azurewebsites.net\/norte\/wp-json\/wp\/v2\/pages"}],"about":[{"href":"http:\/\/portaisarsqua.azurewebsites.net\/norte\/wp-json\/wp\/v2\/types\/page"}],"author":[{"embeddable":true,"href":"http:\/\/portaisarsqua.azurewebsites.net\/norte\/wp-json\/wp\/v2\/users\/13"}],"replies":[{"embeddable":true,"href":"http:\/\/portaisarsqua.azurewebsites.net\/norte\/wp-json\/wp\/v2\/comments?post=35182"}],"version-history":[{"count":22,"href":"http:\/\/portaisarsqua.azurewebsites.net\/norte\/wp-json\/wp\/v2\/pages\/35182\/revisions"}],"predecessor-version":[{"id":41234,"href":"http:\/\/portaisarsqua.azurewebsites.net\/norte\/wp-json\/wp\/v2\/pages\/35182\/revisions\/41234"}],"wp:attachment":[{"href":"http:\/\/portaisarsqua.azurewebsites.net\/norte\/wp-json\/wp\/v2\/media?parent=35182"}],"curies":[{"name":"wp","href":"https:\/\/api.w.org\/{rel}","templated":true}]}}